{"id":806,"date":"2026-02-18T16:05:12","date_gmt":"2026-02-18T21:05:12","guid":{"rendered":"https:\/\/www-staging.telemedic.ca\/?page_id=806"},"modified":"2026-02-19T15:49:28","modified_gmt":"2026-02-19T20:49:28","slug":"sofi-en-un-clin-doeil","status":"publish","type":"page","link":"https:\/\/www-staging.telemedic.ca\/fr\/sofi-en-un-clin-doeil\/","title":{"rendered":"Sofi en un clin d&rsquo;oeil"},"content":{"rendered":"\t\t<div data-elementor-type=\"wp-page\" data-elementor-id=\"806\" class=\"elementor elementor-806\" data-elementor-post-type=\"page\">\n\t\t\t\t<div class=\"elementor-element elementor-element-bc83ce7 e-con-full e-flex e-con e-parent\" data-id=\"bc83ce7\" data-element_type=\"container\" data-e-type=\"container\">\n\t\t\t\t<div class=\"elementor-element elementor-element-56c11c7 elementor-widget elementor-widget-shortcode\" data-id=\"56c11c7\" data-element_type=\"widget\" data-e-type=\"widget\" data-widget_type=\"shortcode.default\">\n\t\t\t\t\t\t\t<div class=\"elementor-shortcode\"><div class=\"real3dflipbook\" id=\"2_69c81ed6b8d9a\" style=\"position:absolute;\" data-flipbook-options=\"{&quot;pages&quot;:[],&quot;pdfUrl&quot;:&quot;https:\\\/\\\/www-staging.telemedic.ca\\\/wp-content\\\/uploads\\\/2026\\\/03\\\/Document-vente-SOFI-generic-template.pdf&quot;,&quot;printPdfUrl&quot;:&quot;&quot;,&quot;tableOfContent&quot;:[],&quot;id&quot;:&quot;2&quot;,&quot;bookId&quot;:&quot;2&quot;,&quot;date&quot;:&quot;2026-02-18&quot;,&quot;lightboxThumbnailUrl&quot;:&quot;https:\\\/\\\/www-staging.telemedic.ca\\\/wp-content\\\/uploads\\\/real3d-flipbook\\\/flipbook_2\\\/thumb.jpg?1772741610159&quot;,&quot;mode&quot;:&quot;normal&quot;,&quot;viewMode&quot;:&quot;webgl&quot;,&quot;pageTextureSize&quot;:&quot;3000&quot;,&quot;pageTextureSizeSmall&quot;:&quot;1500&quot;,&quot;pageTextureSizeMobile&quot;:&quot;&quot;,&quot;pageTextureSizeMobileSmall&quot;:&quot;1000&quot;,&quot;pdfTextLayer&quot;:&quot;true&quot;,&quot;zoomMin&quot;:&quot;0.9&quot;,&quot;zoomStep&quot;:&quot;2&quot;,&quot;zoomSize&quot;:&quot;&quot;,&quot;zoomReset&quot;:&quot;false&quot;,&quot;doubleClickZoom&quot;:&quot;true&quot;,&quot;pageDrag&quot;:&quot;true&quot;,&quot;singlePageMode&quot;:&quot;false&quot;,&quot;pageFlipDuration&quot;:&quot;1&quot;,&quot;sound&quot;:&quot;true&quot;,&quot;startPage&quot;:&quot;1&quot;,&quot;deeplinking&quot;:{&quot;enabled&quot;:&quot;false&quot;,&quot;prefix&quot;:&quot;&quot;},&quot;responsiveView&quot;:&quot;true&quot;,&quot;responsiveViewTreshold&quot;:&quot;768&quot;,&quot;cover&quot;:&quot;true&quot;,&quot;backCover&quot;:&quot;true&quot;,&quot;height&quot;:&quot;400&quot;,&quot;responsiveHeight&quot;:&quot;true&quot;,&quot;aspectRatio&quot;:&quot;2&quot;,&quot;thumbnailsOnStart&quot;:&quot;false&quot;,&quot;contentOnStart&quot;:&quot;false&quot;,&quot;searchOnStart&quot;:&quot;&quot;,&quot;tableOfContentCloseOnClick&quot;:&quot;true&quot;,&quot;thumbsCloseOnClick&quot;:&quot;true&quot;,&quot;autoplayOnStart&quot;:&quot;false&quot;,&quot;autoplayInterval&quot;:&quot;3000&quot;,&quot;autoplayLoop&quot;:&quot;true&quot;,&quot;autoplayStartPage&quot;:&quot;1&quot;,&quot;rightToLeft&quot;:&quot;false&quot;,&quot;pageWidth&quot;:&quot;&quot;,&quot;pageHeight&quot;:&quot;&quot;,&quot;thumbSize&quot;:&quot;130&quot;,&quot;logoImg&quot;:&quot;&quot;,&quot;logoUrl&quot;:&quot;&quot;,&quot;logoUrlTarget&quot;:&quot;&quot;,&quot;logoCSS&quot;:&quot;position:absolute;left:0;top:0;&quot;,&quot;menuSelector&quot;:&quot;&quot;,&quot;zIndex&quot;:&quot;auto&quot;,&quot;preloaderText&quot;:&quot;&quot;,&quot;googleAnalyticsTrackingCode&quot;:&quot;&quot;,&quot;pdfBrowserViewerIfIE&quot;:&quot;false&quot;,&quot;modeMobile&quot;:&quot;&quot;,&quot;viewModeMobile&quot;:&quot;&quot;,&quot;aspectRatioMobile&quot;:&quot;0.71&quot;,&quot;singlePageModeIfMobile&quot;:&quot;false&quot;,&quot;pdfBrowserViewerIfMobile&quot;:&quot;false&quot;,&quot;pdfBrowserViewerFullscreen&quot;:&quot;true&quot;,&quot;pdfBrowserViewerFullscreenTarget&quot;:&quot;_blank&quot;,&quot;btnTocIfMobile&quot;:&quot;true&quot;,&quot;btnThumbsIfMobile&quot;:&quot;true&quot;,&quot;btnShareIfMobile&quot;:&quot;false&quot;,&quot;btnDownloadPagesIfMobile&quot;:&quot;true&quot;,&quot;btnDownloadPdfIfMobile&quot;:&quot;true&quot;,&quot;btnSoundIfMobile&quot;:&quot;false&quot;,&quot;btnExpandIfMobile&quot;:&quot;true&quot;,&quot;btnPrintIfMobile&quot;:&quot;false&quot;,&quot;logoHideOnMobile&quot;:&quot;false&quot;,&quot;mobile&quot;:{&quot;thumbnailsOnStart&quot;:&quot;false&quot;,&quot;contentOnStart&quot;:&quot;false&quot;,&quot;pagesInMemory&quot;:&quot;6&quot;,&quot;bitmapResizeHeight&quot;:&quot;&quot;,&quot;bitmapResizeQuality&quot;:&quot;&quot;,&quot;currentPage&quot;:{&quot;enabled&quot;:&quot;false&quot;},&quot;pdfUrl&quot;:&quot;&quot;},&quot;lightboxCssClass&quot;:&quot;&quot;,&quot;lightboxLink&quot;:&quot;&quot;,&quot;lightboxLinkNewWindow&quot;:&quot;true&quot;,&quot;lightboxBackground&quot;:&quot;rgb(81, 85, 88)&quot;,&quot;lightboxBackgroundPattern&quot;:&quot;&quot;,&quot;lightboxBackgroundImage&quot;:&quot;&quot;,&quot;lightboxContainerCSS&quot;:&quot;display:inline-block;padding:10px;&quot;,&quot;lightboxThumbnailHeight&quot;:&quot;300&quot;,&quot;lightboxThumbnailUrlCSS&quot;:&quot;display:block;&quot;,&quot;lightboxThumbnailInfo&quot;:&quot;false&quot;,&quot;lightboxThumbnailInfoText&quot;:&quot;&quot;,&quot;lightboxThumbnailInfoCSS&quot;:&quot;top: 0;  width: 100%; height: 100%; font-size: 16px; color: #000; background: rgba(255,255,255,.8); &quot;,&quot;showTitle&quot;:&quot;false&quot;,&quot;showDate&quot;:&quot;false&quot;,&quot;hideThumbnail&quot;:&quot;false&quot;,&quot;lightboxText&quot;:&quot;&quot;,&quot;lightboxTextCSS&quot;:&quot;display:block;&quot;,&quot;lightboxTextPosition&quot;:&quot;top&quot;,&quot;lightBoxOpened&quot;:&quot;false&quot;,&quot;lightBoxFullscreen&quot;:&quot;false&quot;,&quot;lightboxCloseOnClick&quot;:&quot;false&quot;,&quot;lightboxStartPage&quot;:&quot;&quot;,&quot;lightboxMarginV&quot;:&quot;0&quot;,&quot;lightboxMarginH&quot;:&quot;0&quot;,&quot;lights&quot;:&quot;true&quot;,&quot;lightPositionX&quot;:&quot;0&quot;,&quot;lightPositionY&quot;:&quot;150&quot;,&quot;lightPositionZ&quot;:&quot;1400&quot;,&quot;lightIntensity&quot;:&quot;0.6&quot;,&quot;shadows&quot;:&quot;true&quot;,&quot;shadowMapSize&quot;:&quot;2048&quot;,&quot;shadowOpacity&quot;:&quot;0.2&quot;,&quot;shadowDistance&quot;:&quot;15&quot;,&quot;pageHardness&quot;:&quot;2&quot;,&quot;coverHardness&quot;:&quot;2&quot;,&quot;pageRoughness&quot;:&quot;1&quot;,&quot;pageMetalness&quot;:&quot;0&quot;,&quot;pageSegmentsW&quot;:&quot;6&quot;,&quot;pageSegmentsH&quot;:&quot;1&quot;,&quot;pageMiddleShadowSize&quot;:&quot;4&quot;,&quot;pageMiddleShadowColorL&quot;:&quot;#7F7F7F&quot;,&quot;pageMiddleShadowColorR&quot;:&quot;#AAAAAA&quot;,&quot;antialias&quot;:&quot;false&quot;,&quot;pan&quot;:&quot;0&quot;,&quot;tilt&quot;:&quot;0&quot;,&quot;rotateCameraOnMouseDrag&quot;:&quot;true&quot;,&quot;panMax&quot;:&quot;20&quot;,&quot;panMin&quot;:&quot;-20&quot;,&quot;tiltMax&quot;:&quot;0&quot;,&quot;tiltMin&quot;:&quot;0&quot;,&quot;currentPage&quot;:{&quot;enabled&quot;:&quot;true&quot;,&quot;title&quot;:&quot;Current page&quot;,&quot;hAlign&quot;:&quot;left&quot;,&quot;vAlign&quot;:&quot;top&quot;},&quot;btnAutoplay&quot;:{&quot;enabled&quot;:&quot;true&quot;,&quot;title&quot;:&quot;Autoplay&quot;},&quot;btnNext&quot;:{&quot;enabled&quot;:&quot;true&quot;,&quot;title&quot;:&quot;Next Page&quot;},&quot;btnLast&quot;:{&quot;enabled&quot;:&quot;false&quot;,&quot;title&quot;:&quot;Last Page&quot;},&quot;btnPrev&quot;:{&quot;enabled&quot;:&quot;true&quot;,&quot;title&quot;:&quot;Previous Page&quot;},&quot;btnFirst&quot;:{&quot;enabled&quot;:&quot;false&quot;,&quot;title&quot;:&quot;First Page&quot;},&quot;btnZoomIn&quot;:{&quot;enabled&quot;:&quot;true&quot;,&quot;title&quot;:&quot;Zoom in&quot;},&quot;btnZoomOut&quot;:{&quot;enabled&quot;:&quot;true&quot;,&quot;title&quot;:&quot;Zoom out&quot;},&quot;btnToc&quot;:{&quot;enabled&quot;:&quot;true&quot;,&quot;title&quot;:&quot;Table of Contents&quot;},&quot;btnThumbs&quot;:{&quot;enabled&quot;:&quot;true&quot;,&quot;title&quot;:&quot;Pages&quot;},&quot;btnShare&quot;:{&quot;enabled&quot;:&quot;true&quot;,&quot;title&quot;:&quot;Share&quot;},&quot;btnDownloadPages&quot;:{&quot;enabled&quot;:&quot;false&quot;,&quot;url&quot;:&quot;&quot;,&quot;title&quot;:&quot;Download pages&quot;},&quot;btnDownloadPdf&quot;:{&quot;enabled&quot;:&quot;true&quot;,&quot;url&quot;:&quot;&quot;,&quot;title&quot;:&quot;Download PDF&quot;,&quot;forceDownload&quot;:&quot;true&quot;,&quot;openInNewWindow&quot;:&quot;true&quot;},&quot;btnSound&quot;:{&quot;enabled&quot;:&quot;true&quot;,&quot;title&quot;:&quot;Sound&quot;},&quot;btnExpand&quot;:{&quot;enabled&quot;:&quot;true&quot;,&quot;title&quot;:&quot;Toggle fullscreen&quot;},&quot;btnSelect&quot;:{&quot;enabled&quot;:&quot;true&quot;,&quot;icon&quot;:&quot;fas fa-i-cursor&quot;,&quot;icon2&quot;:&quot;text_format&quot;,&quot;title&quot;:&quot;Select tool&quot;},&quot;btnSearch&quot;:{&quot;enabled&quot;:&quot;false&quot;,&quot;title&quot;:&quot;Search&quot;},&quot;btnBookmark&quot;:{&quot;enabled&quot;:&quot;false&quot;,&quot;title&quot;:&quot;Bookmark&quot;},&quot;btnPrint&quot;:{&quot;enabled&quot;:&quot;true&quot;,&quot;title&quot;:&quot;Print&quot;},&quot;btnClose&quot;:{&quot;enabled&quot;:&quot;true&quot;,&quot;title&quot;:&quot;Fermer&quot;,&quot;vAlign&quot;:&quot;top&quot;,&quot;hAlign&quot;:&quot;right&quot;},&quot;whatsapp&quot;:{&quot;enabled&quot;:&quot;true&quot;},&quot;twitter&quot;:{&quot;enabled&quot;:&quot;true&quot;},&quot;facebook&quot;:{&quot;enabled&quot;:&quot;true&quot;},&quot;pinterest&quot;:{&quot;enabled&quot;:&quot;true&quot;},&quot;email&quot;:{&quot;enabled&quot;:&quot;true&quot;},&quot;linkedin&quot;:{&quot;enabled&quot;:&quot;true&quot;},&quot;digg&quot;:{&quot;enabled&quot;:&quot;false&quot;},&quot;reddit&quot;:{&quot;enabled&quot;:&quot;false&quot;},&quot;shareUrl&quot;:&quot;&quot;,&quot;shareTitle&quot;:&quot;&quot;,&quot;shareImage&quot;:&quot;&quot;,&quot;theme&quot;:&quot;default&quot;,&quot;skin&quot;:&quot;light&quot;,&quot;useFontAwesome5&quot;:&quot;true&quot;,&quot;sideNavigationButtons&quot;:&quot;true&quot;,&quot;menuNavigationButtons&quot;:&quot;false&quot;,&quot;backgroundColor&quot;:&quot;rgba(185,189,191,0.71)&quot;,&quot;backgroundPattern&quot;:&quot;&quot;,&quot;backgroundImage&quot;:&quot;&quot;,&quot;backgroundTransparent&quot;:&quot;false&quot;,&quot;menuBackground&quot;:&quot;&quot;,&quot;menuShadow&quot;:&quot;&quot;,&quot;menuMargin&quot;:&quot;0&quot;,&quot;menuPadding&quot;:&quot;0&quot;,&quot;menuOverBook&quot;:&quot;false&quot;,&quot;menuFloating&quot;:&quot;false&quot;,&quot;menuTransparent&quot;:&quot;false&quot;,&quot;menu2Background&quot;:&quot;&quot;,&quot;menu2Shadow&quot;:&quot;&quot;,&quot;menu2Margin&quot;:&quot;0&quot;,&quot;menu2Padding&quot;:&quot;0&quot;,&quot;menu2OverBook&quot;:&quot;true&quot;,&quot;menu2Floating&quot;:&quot;false&quot;,&quot;menu2Transparent&quot;:&quot;true&quot;,&quot;skinColor&quot;:&quot;rgba(185,189,191,0.71)&quot;,&quot;skinBackground&quot;:&quot;rgba(185,189,191,0.71)&quot;,&quot;hideMenu&quot;:&quot;false&quot;,&quot;menuAlignHorizontal&quot;:&quot;center&quot;,&quot;btnColor&quot;:&quot;&quot;,&quot;btnColorHover&quot;:&quot;&quot;,&quot;btnBackground&quot;:&quot;none&quot;,&quot;btnRadius&quot;:&quot;0&quot;,&quot;btnMargin&quot;:&quot;0&quot;,&quot;btnSize&quot;:&quot;18&quot;,&quot;btnPaddingV&quot;:&quot;10&quot;,&quot;btnPaddingH&quot;:&quot;10&quot;,&quot;btnShadow&quot;:&quot;&quot;,&quot;btnTextShadow&quot;:&quot;&quot;,&quot;btnBorder&quot;:&quot;&quot;,&quot;sideBtnColor&quot;:&quot;#fff&quot;,&quot;sideBtnColorHover&quot;:&quot;#fff&quot;,&quot;sideBtnBackground&quot;:&quot;rgba(0,0,0,.3)&quot;,&quot;sideBtnBackgroundHover&quot;:&quot;&quot;,&quot;sideBtnRadius&quot;:&quot;0&quot;,&quot;sideBtnMargin&quot;:&quot;0&quot;,&quot;sideBtnSize&quot;:&quot;30&quot;,&quot;sideBtnPaddingV&quot;:&quot;5&quot;,&quot;sideBtnPaddingH&quot;:&quot;5&quot;,&quot;sideBtnShadow&quot;:&quot;&quot;,&quot;sideBtnTextShadow&quot;:&quot;&quot;,&quot;sideBtnBorder&quot;:&quot;&quot;,&quot;closeBtnColorHover&quot;:&quot;#FFF&quot;,&quot;closeBtnBackground&quot;:&quot;rgba(0,0,0,.4)&quot;,&quot;closeBtnRadius&quot;:&quot;0&quot;,&quot;closeBtnMargin&quot;:&quot;0&quot;,&quot;closeBtnSize&quot;:&quot;20&quot;,&quot;closeBtnPadding&quot;:&quot;5&quot;,&quot;closeBtnTextShadow&quot;:&quot;&quot;,&quot;closeBtnBorder&quot;:&quot;&quot;,&quot;floatingBtnColor&quot;:&quot;&quot;,&quot;floatingBtnColorHover&quot;:&quot;&quot;,&quot;floatingBtnBackground&quot;:&quot;&quot;,&quot;floatingBtnBackgroundHover&quot;:&quot;&quot;,&quot;floatingBtnRadius&quot;:&quot;&quot;,&quot;floatingBtnMargin&quot;:&quot;&quot;,&quot;floatingBtnSize&quot;:&quot;&quot;,&quot;floatingBtnPadding&quot;:&quot;&quot;,&quot;floatingBtnShadow&quot;:&quot;&quot;,&quot;floatingBtnTextShadow&quot;:&quot;&quot;,&quot;floatingBtnBorder&quot;:&quot;&quot;,&quot;currentPageMarginV&quot;:&quot;5&quot;,&quot;currentPageMarginH&quot;:&quot;5&quot;,&quot;arrowsAlwaysEnabledForNavigation&quot;:&quot;true&quot;,&quot;arrowsDisabledNotFullscreen&quot;:&quot;true&quot;,&quot;touchSwipeEnabled&quot;:&quot;true&quot;,&quot;rightClickEnabled&quot;:&quot;true&quot;,&quot;linkColor&quot;:&quot;rgba(0, 0, 0, 0)&quot;,&quot;linkColorHover&quot;:&quot;rgba(255, 255, 0, 1)&quot;,&quot;linkOpacity&quot;:&quot;0.4&quot;,&quot;linkTarget&quot;:&quot;_blank&quot;,&quot;pdfAutoLinks&quot;:&quot;false&quot;,&quot;strings&quot;:{&quot;print&quot;:&quot;Print&quot;,&quot;printLeftPage&quot;:&quot;Print left page&quot;,&quot;printRightPage&quot;:&quot;Print right page&quot;,&quot;printCurrentPage&quot;:&quot;Print current page&quot;,&quot;printAllPages&quot;:&quot;Print all pages&quot;,&quot;download&quot;:&quot;Download&quot;,&quot;downloadLeftPage&quot;:&quot;Download left page&quot;,&quot;downloadRightPage&quot;:&quot;Download right page&quot;,&quot;downloadCurrentPage&quot;:&quot;Download current page&quot;,&quot;downloadAllPages&quot;:&quot;Download all pages&quot;,&quot;bookmarks&quot;:&quot;Bookmarks&quot;,&quot;bookmarkLeftPage&quot;:&quot;Bookmark left page&quot;,&quot;bookmarkRightPage&quot;:&quot;Bookmark right page&quot;,&quot;bookmarkCurrentPage&quot;:&quot;Bookmark current page&quot;,&quot;search&quot;:&quot;Search&quot;,&quot;findInDocument&quot;:&quot;Find in document&quot;,&quot;pagesFoundContaining&quot;:&quot;pages found containing&quot;,&quot;noMatches&quot;:&quot;No matches&quot;,&quot;matchesFound&quot;:&quot;matches found&quot;,&quot;page&quot;:&quot;Page&quot;,&quot;matches&quot;:&quot;matches&quot;,&quot;thumbnails&quot;:&quot;Thumbnails&quot;,&quot;tableOfContent&quot;:&quot;Table of Contents&quot;,&quot;share&quot;:&quot;Share&quot;,&quot;pressEscToClose&quot;:&quot;Press ESC to close&quot;,&quot;password&quot;:&quot;Password&quot;,&quot;addNote&quot;:&quot;Add note&quot;,&quot;typeInYourNote&quot;:&quot;Type in your note...&quot;},&quot;access&quot;:&quot;free&quot;,&quot;backgroundMusic&quot;:&quot;&quot;,&quot;cornerCurl&quot;:&quot;false&quot;,&quot;minPixelRatio&quot;:&quot;1&quot;,&quot;pageNumberOffset&quot;:&quot;0&quot;,&quot;responsiveViewRatio&quot;:&quot;1&quot;,&quot;scaleCover&quot;:&quot;false&quot;,&quot;pageCaptions&quot;:&quot;false&quot;,&quot;containerRatio&quot;:&quot;&quot;,&quot;searchResultsThumbs&quot;:&quot;false&quot;,&quot;aspectMobile&quot;:&quot;&quot;,&quot;pagesInMemory&quot;:&quot;20&quot;,&quot;bitmapResizeHeight&quot;:&quot;&quot;,&quot;bitmapResizeQuality&quot;:&quot;&quot;,&quot;btnNotes&quot;:{&quot;enabled&quot;:&quot;false&quot;,&quot;title&quot;:&quot;Notes&quot;},&quot;btnSingle&quot;:{&quot;enabled&quot;:&quot;true&quot;,&quot;title&quot;:&quot;Toggle single page&quot;},&quot;search&quot;:{&quot;enabled&quot;:&quot;false&quot;,&quot;title&quot;:&quot;Search&quot;},&quot;btnTools&quot;:{&quot;enabled&quot;:&quot;true&quot;,&quot;title&quot;:&quot;Tools&quot;},&quot;layout&quot;:1,&quot;icons&quot;:&quot;FontAwesome&quot;,&quot;arrowColor&quot;:&quot;#fff&quot;,&quot;arrowColorHover&quot;:&quot;#fff&quot;,&quot;arrowBackground&quot;:&quot;rgba(0,0,0,0)&quot;,&quot;arrowBackgroundHover&quot;:&quot;rgba(0, 0, 0, .15)&quot;,&quot;arrowRadius&quot;:&quot;4&quot;,&quot;arrowMargin&quot;:&quot;4&quot;,&quot;arrowSize&quot;:&quot;40&quot;,&quot;arrowPadding&quot;:&quot;10&quot;,&quot;arrowTextShadow&quot;:&quot;0px 0px 1px rgba(0, 0, 0, 1)&quot;,&quot;arrowBorder&quot;:&quot;&quot;,&quot;fitToWidth&quot;:&quot;false&quot;,&quot;disableRange&quot;:&quot;false&quot;,&quot;pdfTools&quot;:{&quot;pageHeight&quot;:1500,&quot;thumbHeight&quot;:200,&quot;quality&quot;:0.8,&quot;textLayer&quot;:&quot;true&quot;,&quot;autoConvert&quot;:&quot;true&quot;},&quot;slug&quot;:&quot;&quot;,&quot;convertPDFLinks&quot;:&quot;true&quot;,&quot;convertPDFLinksWithClass&quot;:&quot;&quot;,&quot;convertPDFLinksWithoutClass&quot;:&quot;&quot;,&quot;overridePDFEmbedder&quot;:&quot;true&quot;,&quot;overrideDflip&quot;:&quot;true&quot;,&quot;overrideWonderPDFEmbed&quot;:&quot;true&quot;,&quot;override3DFlipBook&quot;:&quot;true&quot;,&quot;overridePDFjsViewer&quot;:&quot;true&quot;,&quot;resumeReading&quot;:&quot;false&quot;,&quot;previewPages&quot;:&quot;&quot;,&quot;previewMode&quot;:&quot;&quot;,&quot;name&quot;:&quot;SOFI en un clin d&#039;oeil&quot;,&quot;post_id&quot;:803,&quot;rootFolder&quot;:&quot;https:\\\/\\\/www-staging.telemedic.ca\\\/wp-content\\\/plugins\\\/real3d-flipbook\\\/&quot;,&quot;version&quot;:&quot;3.35&quot;,&quot;uniqueId&quot;:&quot;2_69c81ed6b8d9a&quot;}\"><\/div><\/div>\n\t\t\t\t\t\t<\/div>\n\t\t\t\t<\/div>\n\t\t\t\t<\/div>\n\t\t","protected":false},"excerpt":{"rendered":"","protected":false},"author":1,"featured_media":0,"parent":0,"menu_order":0,"comment_status":"closed","ping_status":"closed","template":"elementor_header_footer","meta":{"_yoast_wpseo_title":"Logiciel gestion RPA Qu\u00e9bec | SOFI en un clin d\u2019\u0153il (PDF)","_yoast_wpseo_metadesc":"T\u00e9l\u00e9chargez le PDF SOFI en un clin d\u2019\u0153il : logiciel gestion RPA Qu\u00e9bec, tra\u00e7abilit\u00e9, conformit\u00e9 et performance.","_ccai_fb_message":"","_ccai_fb_hashtags":"","_ccai_fb_image":0,"_ccai_fb_date":"","_ccai_fb_approved":false,"_ccai_li_message":"","_ccai_li_hashtags":"","_ccai_li_image":0,"_ccai_li_date":"","_ccai_li_approved":false,"_ccai_fb_status":"","_ccai_li_status":"","footnotes":""},"categories":[],"class_list":["post-806","page","type-page","status-publish","hentry"],"yoast_head":"<!-- This site is optimized with the Yoast SEO Premium plugin v26.9 (Yoast SEO v26.9) - https:\/\/yoast.com\/product\/yoast-seo-premium-wordpress\/ -->\n<title>Logiciel gestion RPA Qu\u00e9bec | SOFI en un clin d\u2019\u0153il (PDF)<\/title>\n<meta name=\"description\" content=\"T\u00e9l\u00e9chargez le PDF SOFI en un clin d\u2019\u0153il : logiciel gestion RPA Qu\u00e9bec, tra\u00e7abilit\u00e9, conformit\u00e9 et performance.\" \/>\n<meta name=\"robots\" content=\"noindex, follow, max-snippet:-1, max-image-preview:large, max-video-preview:-1\" \/>\n<meta property=\"og:locale\" content=\"fr_CA\" \/>\n<meta property=\"og:type\" content=\"article\" \/>\n<meta property=\"og:title\" content=\"Sofi en un clin d&#039;oeil\" \/>\n<meta property=\"og:description\" content=\"T\u00e9l\u00e9chargez le PDF SOFI en un clin d\u2019\u0153il : logiciel gestion RPA Qu\u00e9bec, tra\u00e7abilit\u00e9, conformit\u00e9 et performance.\" \/>\n<meta property=\"og:url\" content=\"https:\/\/www-staging.telemedic.ca\/sofi-en-un-clin-doeil\/\" \/>\n<meta property=\"og:site_name\" content=\"Telemedic\" \/>\n<meta property=\"article:publisher\" content=\"https:\/\/www.facebook.com\/TelemedicSOFI\" \/>\n<meta property=\"article:modified_time\" content=\"2026-02-19T20:49:28+00:00\" \/>\n<meta property=\"og:image\" content=\"https:\/\/www-staging.telemedic.ca\/wp-content\/uploads\/2026\/02\/SOFI-FLIPBOOK-04.png\" \/>\n\t<meta property=\"og:image:width\" content=\"628\" \/>\n\t<meta property=\"og:image:height\" content=\"761\" \/>\n\t<meta property=\"og:image:type\" content=\"image\/png\" \/>\n<meta name=\"twitter:card\" content=\"summary_large_image\" \/>\n<meta name=\"twitter:label1\" content=\"Estimation du temps de lecture\" \/>\n\t<meta name=\"twitter:data1\" content=\"1 minute\" \/>\n<script type=\"application\/ld+json\" class=\"yoast-schema-graph\">{\"@context\":\"https:\/\/schema.org\",\"@graph\":[{\"@type\":\"WebPage\",\"@id\":\"https:\/\/www-staging.telemedic.ca\/sofi-en-un-clin-doeil\/\",\"url\":\"https:\/\/www-staging.telemedic.ca\/sofi-en-un-clin-doeil\/\",\"name\":\"Logiciel gestion RPA Qu\u00e9bec | SOFI en un clin d\u2019\u0153il (PDF)\",\"isPartOf\":{\"@id\":\"https:\/\/www-staging.telemedic.ca\/#website\"},\"datePublished\":\"2026-02-18T21:05:12+00:00\",\"dateModified\":\"2026-02-19T20:49:28+00:00\",\"description\":\"T\u00e9l\u00e9chargez le PDF SOFI en un clin d\u2019\u0153il : logiciel gestion RPA Qu\u00e9bec, tra\u00e7abilit\u00e9, conformit\u00e9 et performance.\",\"breadcrumb\":{\"@id\":\"https:\/\/www-staging.telemedic.ca\/sofi-en-un-clin-doeil\/#breadcrumb\"},\"inLanguage\":\"fr-CA\",\"potentialAction\":[{\"@type\":\"ReadAction\",\"target\":[\"https:\/\/www-staging.telemedic.ca\/sofi-en-un-clin-doeil\/\"]}]},{\"@type\":\"BreadcrumbList\",\"@id\":\"https:\/\/www-staging.telemedic.ca\/sofi-en-un-clin-doeil\/#breadcrumb\",\"itemListElement\":[{\"@type\":\"ListItem\",\"position\":1,\"name\":\"Accueil\",\"item\":\"https:\/\/www-staging.telemedic.ca\/\"},{\"@type\":\"ListItem\",\"position\":2,\"name\":\"Sofi en un clin d&rsquo;oeil\"}]},{\"@type\":\"WebSite\",\"@id\":\"https:\/\/www-staging.telemedic.ca\/#website\",\"url\":\"https:\/\/www-staging.telemedic.ca\/\",\"name\":\"Telemedic\",\"description\":\"Logicile de gestion en milieu de vie\",\"publisher\":{\"@id\":\"https:\/\/www-staging.telemedic.ca\/#organization\"},\"potentialAction\":[{\"@type\":\"SearchAction\",\"target\":{\"@type\":\"EntryPoint\",\"urlTemplate\":\"https:\/\/www-staging.telemedic.ca\/?s={search_term_string}\"},\"query-input\":{\"@type\":\"PropertyValueSpecification\",\"valueRequired\":true,\"valueName\":\"search_term_string\"}}],\"inLanguage\":\"fr-CA\"},{\"@type\":\"Organization\",\"@id\":\"https:\/\/www-staging.telemedic.ca\/#organization\",\"name\":\"Telemedic\",\"url\":\"https:\/\/www-staging.telemedic.ca\/\",\"logo\":{\"@type\":\"ImageObject\",\"inLanguage\":\"fr-CA\",\"@id\":\"https:\/\/www-staging.telemedic.ca\/#\/schema\/logo\/image\/\",\"url\":\"https:\/\/www-staging.telemedic.ca\/wp-content\/uploads\/2025\/12\/cropped-Logo_Sofi_Noir-1-1.webp\",\"contentUrl\":\"https:\/\/www-staging.telemedic.ca\/wp-content\/uploads\/2025\/12\/cropped-Logo_Sofi_Noir-1-1.webp\",\"width\":1612,\"height\":598,\"caption\":\"Telemedic\"},\"image\":{\"@id\":\"https:\/\/www-staging.telemedic.ca\/#\/schema\/logo\/image\/\"},\"sameAs\":[\"https:\/\/www.facebook.com\/TelemedicSOFI\",\"https:\/\/www.linkedin.com\/company\/t-l-m-dic-inc\/\"]}]}<\/script>\n<!-- \/ Yoast SEO Premium plugin. -->","yoast_head_json":{"title":"Logiciel gestion RPA Qu\u00e9bec | SOFI en un clin d\u2019\u0153il (PDF)","description":"T\u00e9l\u00e9chargez le PDF SOFI en un clin d\u2019\u0153il : logiciel gestion RPA Qu\u00e9bec, tra\u00e7abilit\u00e9, conformit\u00e9 et performance.","robots":{"index":"noindex","follow":"follow","max-snippet":"max-snippet:-1","max-image-preview":"max-image-preview:large","max-video-preview":"max-video-preview:-1"},"og_locale":"fr_CA","og_type":"article","og_title":"Sofi en un clin d'oeil","og_description":"T\u00e9l\u00e9chargez le PDF SOFI en un clin d\u2019\u0153il : logiciel gestion RPA Qu\u00e9bec, tra\u00e7abilit\u00e9, conformit\u00e9 et performance.","og_url":"https:\/\/www-staging.telemedic.ca\/sofi-en-un-clin-doeil\/","og_site_name":"Telemedic","article_publisher":"https:\/\/www.facebook.com\/TelemedicSOFI","article_modified_time":"2026-02-19T20:49:28+00:00","og_image":[{"width":628,"height":761,"url":"https:\/\/www-staging.telemedic.ca\/wp-content\/uploads\/2026\/02\/SOFI-FLIPBOOK-04.png","type":"image\/png"}],"twitter_card":"summary_large_image","twitter_misc":{"Estimation du temps de lecture":"1 minute"},"schema":{"@context":"https:\/\/schema.org","@graph":[{"@type":"WebPage","@id":"https:\/\/www-staging.telemedic.ca\/sofi-en-un-clin-doeil\/","url":"https:\/\/www-staging.telemedic.ca\/sofi-en-un-clin-doeil\/","name":"Logiciel gestion RPA Qu\u00e9bec | SOFI en un clin d\u2019\u0153il (PDF)","isPartOf":{"@id":"https:\/\/www-staging.telemedic.ca\/#website"},"datePublished":"2026-02-18T21:05:12+00:00","dateModified":"2026-02-19T20:49:28+00:00","description":"T\u00e9l\u00e9chargez le PDF SOFI en un clin d\u2019\u0153il : logiciel gestion RPA Qu\u00e9bec, tra\u00e7abilit\u00e9, conformit\u00e9 et performance.","breadcrumb":{"@id":"https:\/\/www-staging.telemedic.ca\/sofi-en-un-clin-doeil\/#breadcrumb"},"inLanguage":"fr-CA","potentialAction":[{"@type":"ReadAction","target":["https:\/\/www-staging.telemedic.ca\/sofi-en-un-clin-doeil\/"]}]},{"@type":"BreadcrumbList","@id":"https:\/\/www-staging.telemedic.ca\/sofi-en-un-clin-doeil\/#breadcrumb","itemListElement":[{"@type":"ListItem","position":1,"name":"Accueil","item":"https:\/\/www-staging.telemedic.ca\/"},{"@type":"ListItem","position":2,"name":"Sofi en un clin d&rsquo;oeil"}]},{"@type":"WebSite","@id":"https:\/\/www-staging.telemedic.ca\/#website","url":"https:\/\/www-staging.telemedic.ca\/","name":"Telemedic","description":"Logicile de gestion en milieu de vie","publisher":{"@id":"https:\/\/www-staging.telemedic.ca\/#organization"},"potentialAction":[{"@type":"SearchAction","target":{"@type":"EntryPoint","urlTemplate":"https:\/\/www-staging.telemedic.ca\/?s={search_term_string}"},"query-input":{"@type":"PropertyValueSpecification","valueRequired":true,"valueName":"search_term_string"}}],"inLanguage":"fr-CA"},{"@type":"Organization","@id":"https:\/\/www-staging.telemedic.ca\/#organization","name":"Telemedic","url":"https:\/\/www-staging.telemedic.ca\/","logo":{"@type":"ImageObject","inLanguage":"fr-CA","@id":"https:\/\/www-staging.telemedic.ca\/#\/schema\/logo\/image\/","url":"https:\/\/www-staging.telemedic.ca\/wp-content\/uploads\/2025\/12\/cropped-Logo_Sofi_Noir-1-1.webp","contentUrl":"https:\/\/www-staging.telemedic.ca\/wp-content\/uploads\/2025\/12\/cropped-Logo_Sofi_Noir-1-1.webp","width":1612,"height":598,"caption":"Telemedic"},"image":{"@id":"https:\/\/www-staging.telemedic.ca\/#\/schema\/logo\/image\/"},"sameAs":["https:\/\/www.facebook.com\/TelemedicSOFI","https:\/\/www.linkedin.com\/company\/t-l-m-dic-inc\/"]}]}},"_links":{"self":[{"href":"https:\/\/www-staging.telemedic.ca\/fr\/wp-json\/wp\/v2\/pages\/806","targetHints":{"allow":["GET"]}}],"collection":[{"href":"https:\/\/www-staging.telemedic.ca\/fr\/wp-json\/wp\/v2\/pages"}],"about":[{"href":"https:\/\/www-staging.telemedic.ca\/fr\/wp-json\/wp\/v2\/types\/page"}],"author":[{"embeddable":true,"href":"https:\/\/www-staging.telemedic.ca\/fr\/wp-json\/wp\/v2\/users\/1"}],"replies":[{"embeddable":true,"href":"https:\/\/www-staging.telemedic.ca\/fr\/wp-json\/wp\/v2\/comments?post=806"}],"version-history":[{"count":18,"href":"https:\/\/www-staging.telemedic.ca\/fr\/wp-json\/wp\/v2\/pages\/806\/revisions"}],"predecessor-version":[{"id":831,"href":"https:\/\/www-staging.telemedic.ca\/fr\/wp-json\/wp\/v2\/pages\/806\/revisions\/831"}],"wp:attachment":[{"href":"https:\/\/www-staging.telemedic.ca\/fr\/wp-json\/wp\/v2\/media?parent=806"}],"wp:term":[{"taxonomy":"category","embeddable":true,"href":"https:\/\/www-staging.telemedic.ca\/fr\/wp-json\/wp\/v2\/categories?post=806"}],"curies":[{"name":"wp","href":"https:\/\/api.w.org\/{rel}","templated":true}]}}