{"id":718,"date":"2026-02-18T12:14:12","date_gmt":"2026-02-18T17:14:12","guid":{"rendered":"https:\/\/www-staging.telemedic.ca\/?page_id=718"},"modified":"2026-03-05T15:23:43","modified_gmt":"2026-03-05T20:23:43","slug":"nous-joindre","status":"publish","type":"page","link":"https:\/\/www-staging.telemedic.ca\/fr\/nous-joindre\/","title":{"rendered":"Nous joindre"},"content":{"rendered":"\t\t<div data-elementor-type=\"wp-page\" data-elementor-id=\"718\" class=\"elementor elementor-718\" data-elementor-post-type=\"page\">\n\t\t\t\t<div class=\"elementor-element elementor-element-59beb06f e-con-full e-flex e-con e-parent\" data-id=\"59beb06f\" data-element_type=\"container\" data-e-type=\"container\" data-settings=\"{&quot;background_background&quot;:&quot;classic&quot;}\">\n\t\t\t\t<div class=\"elementor-element elementor-element-215c46cd elementor-widget elementor-widget-heading\" data-id=\"215c46cd\" data-element_type=\"widget\" data-e-type=\"widget\" data-widget_type=\"heading.default\">\n\t\t\t\t\t<h2 class=\"elementor-heading-title elementor-size-default\">Nous joindre<\/h2>\t\t\t\t<\/div>\n\t\t\t\t<\/div>\n\t\t<div class=\"elementor-element elementor-element-7ad2d78e e-con-full e-flex e-con e-parent\" data-id=\"7ad2d78e\" data-element_type=\"container\" data-e-type=\"container\" data-settings=\"{&quot;background_background&quot;:&quot;classic&quot;}\">\n\t\t<div class=\"elementor-element elementor-element-7ec381f7 e-con-full e-flex e-con e-child\" data-id=\"7ec381f7\" data-element_type=\"container\" data-e-type=\"container\">\n\t\t\t\t<div class=\"elementor-element elementor-element-b6b583c elementor-widget elementor-widget-image\" data-id=\"b6b583c\" data-element_type=\"widget\" data-e-type=\"widget\" data-widget_type=\"image.default\">\n\t\t\t\t\t\t\t\t\t\t\t\t\t\t\t<img decoding=\"async\" width=\"200\" height=\"200\" src=\"https:\/\/www-staging.telemedic.ca\/wp-content\/uploads\/2026\/02\/quebecai-01.webp\" class=\"attachment-medium size-medium wp-image-524\" alt=\"Fleur de lys\" srcset=\"https:\/\/www-staging.telemedic.ca\/wp-content\/uploads\/2026\/02\/quebecai-01.webp 200w, https:\/\/www-staging.telemedic.ca\/wp-content\/uploads\/2026\/02\/quebecai-01-150x150.webp 150w\" sizes=\"(max-width: 200px) 100vw, 200px\" \/>\t\t\t\t\t\t\t\t\t\t\t\t\t\t\t<\/div>\n\t\t\t\t<div class=\"elementor-element elementor-element-9c5c2e9 elementor-widget elementor-widget-heading\" data-id=\"9c5c2e9\" data-element_type=\"widget\" data-e-type=\"widget\" data-widget_type=\"heading.default\">\n\t\t\t\t\t<h1 class=\"elementor-heading-title elementor-size-default\">Contactez l\u2019\u00e9quipe SOFI au Qu\u00e9bec<\/h1>\t\t\t\t<\/div>\n\t\t\t\t<div class=\"elementor-element elementor-element-2a0b661 elementor-widget elementor-widget-image\" data-id=\"2a0b661\" data-element_type=\"widget\" data-e-type=\"widget\" data-widget_type=\"image.default\">\n\t\t\t\t\t\t\t\t\t\t\t\t\t\t\t<img decoding=\"async\" width=\"800\" height=\"23\" src=\"https:\/\/www-staging.telemedic.ca\/wp-content\/uploads\/2026\/02\/bande-SOFI.png\" class=\"attachment-large size-large wp-image-881\" alt=\"\" srcset=\"https:\/\/www-staging.telemedic.ca\/wp-content\/uploads\/2026\/02\/bande-SOFI.png 911w, https:\/\/www-staging.telemedic.ca\/wp-content\/uploads\/2026\/02\/bande-SOFI-300x9.png 300w, https:\/\/www-staging.telemedic.ca\/wp-content\/uploads\/2026\/02\/bande-SOFI-768x22.png 768w\" sizes=\"(max-width: 800px) 100vw, 800px\" \/>\t\t\t\t\t\t\t\t\t\t\t\t\t\t\t<\/div>\n\t\t\t\t<div class=\"elementor-element elementor-element-6dbc68a9 elementor-widget elementor-widget-heading\" data-id=\"6dbc68a9\" data-element_type=\"widget\" data-e-type=\"widget\" data-widget_type=\"heading.default\">\n\t\t\t\t\t<h3 class=\"elementor-heading-title elementor-size-default\">Notre \u00e9quipe vous accompagne dans l\u2019implantation de SOFI, un logiciel de gestion en milieu de vie pour les RPA, RI et CHSLD au Qu\u00e9bec. Contactez-nous pour planifier une d\u00e9monstration, poser vos questions ou discuter de vos besoins en gestion des soins.<\/h3>\t\t\t\t<\/div>\n\t\t\t\t<div class=\"elementor-element elementor-element-7c3affdc elementor-tablet-align-center elementor-widget elementor-widget-button\" data-id=\"7c3affdc\" data-element_type=\"widget\" data-e-type=\"widget\" data-widget_type=\"button.default\">\n\t\t\t\t\t\t\t\t\t\t<a class=\"elementor-button elementor-button-link elementor-size-lg\" href=\"#elementor-action%3Aaction%3Dpopup%3Aopen%26settings%3DeyJpZCI6IjEwNzkiLCJ0b2dnbGUiOmZhbHNlfQ%3D%3D\">\n\t\t\t\t\t\t<span class=\"elementor-button-content-wrapper\">\n\t\t\t\t\t\t\t\t\t<span class=\"elementor-button-text\">Contactez-nous<\/span>\n\t\t\t\t\t<\/span>\n\t\t\t\t\t<\/a>\n\t\t\t\t\t\t\t\t<\/div>\n\t\t\t\t<div class=\"elementor-element elementor-element-4aceb1e elementor-hidden-tablet elementor-hidden-mobile elementor-widget elementor-widget-text-editor\" data-id=\"4aceb1e\" data-element_type=\"widget\" data-e-type=\"widget\" data-widget_type=\"text-editor.default\">\n\t\t\t\t\t\t\t\t\t<p>3275 Chemin de l\u2019Industrie, Local #241<\/p><p>Saint-Mathieu-de-Beloeil, Qu\u00e9bec<\/p><p>J3G 0M8<\/p><p>T\u00e9l\u00e9phone:\u00a0\u00a0<a href=\"tel:1-866-550-1414\">1-866-550-1414<\/a>\u00a0<\/p>\t\t\t\t\t\t\t\t<\/div>\n\t\t\t\t<\/div>\n\t\t<div class=\"elementor-element elementor-element-70ed3b89 e-con-full e-flex e-con e-child\" data-id=\"70ed3b89\" data-element_type=\"container\" data-e-type=\"container\" data-settings=\"{&quot;background_background&quot;:&quot;classic&quot;}\">\n\t\t\t\t<\/div>\n\t\t\t\t<\/div>\n\t\t\t\t<\/div>\n\t\t","protected":false},"excerpt":{"rendered":"<p>Contactez SOFI pour une d\u00e9monstration personnalis\u00e9e ou pour discuter de vos besoins en gestion des soins pour RPA, RI et CHSLD au Qu\u00e9bec. Notre \u00e9quipe vous accompagne avec une approche humaine, structur\u00e9e et adapt\u00e9e \u00e0 votre r\u00e9alit\u00e9 terrain.<\/p>\n","protected":false},"author":1,"featured_media":730,"parent":0,"menu_order":0,"comment_status":"closed","ping_status":"closed","template":"","meta":{"_yoast_wpseo_title":"Contactez SOFI | Logiciel de gestion RPA, RI et CHSLD au Qu\u00e9bec","_yoast_wpseo_metadesc":"Contactez l\u2019\u00e9quipe SOFI pour une d\u00e9monstration ou des informations sur notre logiciel de gestion pour RPA, RI et CHSLD au Qu\u00e9bec.","_ccai_fb_message":"","_ccai_fb_hashtags":"","_ccai_fb_image":730,"_ccai_fb_date":"","_ccai_fb_approved":false,"_ccai_li_message":"","_ccai_li_hashtags":"","_ccai_li_image":730,"_ccai_li_date":"","_ccai_li_approved":false,"_ccai_fb_status":"","_ccai_li_status":"","footnotes":""},"categories":[],"class_list":["post-718","page","type-page","status-publish","has-post-thumbnail","hentry"],"yoast_head":"<!-- This site is optimized with the Yoast SEO Premium plugin v26.9 (Yoast SEO v26.9) - https:\/\/yoast.com\/product\/yoast-seo-premium-wordpress\/ -->\n<title>Contactez SOFI | Logiciel de gestion RPA, RI et CHSLD au Qu\u00e9bec<\/title>\n<meta name=\"description\" content=\"Contactez l\u2019\u00e9quipe SOFI pour une d\u00e9monstration ou des informations sur notre logiciel de gestion pour RPA, RI et CHSLD au Qu\u00e9bec.\" \/>\n<meta name=\"robots\" content=\"noindex, follow, max-snippet:-1, max-image-preview:large, max-video-preview:-1\" \/>\n<meta property=\"og:locale\" content=\"fr_CA\" \/>\n<meta property=\"og:type\" content=\"article\" \/>\n<meta property=\"og:title\" content=\"Nous joindre\" \/>\n<meta property=\"og:description\" content=\"Contactez l\u2019\u00e9quipe SOFI pour une d\u00e9monstration ou des informations sur notre logiciel de gestion pour RPA, RI et CHSLD au Qu\u00e9bec.\" \/>\n<meta property=\"og:url\" content=\"https:\/\/www-staging.telemedic.ca\/nous-joindre\/\" \/>\n<meta property=\"og:site_name\" content=\"Telemedic\" \/>\n<meta property=\"article:publisher\" content=\"https:\/\/www.facebook.com\/TelemedicSOFI\" \/>\n<meta property=\"article:modified_time\" content=\"2026-03-05T20:23:43+00:00\" \/>\n<meta property=\"og:image\" content=\"https:\/\/www-staging.telemedic.ca\/wp-content\/uploads\/2026\/02\/Bandeau-SOFI-v2-04.jpg\" \/>\n\t<meta property=\"og:image:width\" content=\"1920\" \/>\n\t<meta property=\"og:image:height\" content=\"600\" \/>\n\t<meta property=\"og:image:type\" content=\"image\/jpeg\" \/>\n<meta name=\"twitter:card\" content=\"summary_large_image\" \/>\n<meta name=\"twitter:label1\" content=\"Estimation du temps de lecture\" \/>\n\t<meta name=\"twitter:data1\" content=\"1 minute\" \/>\n<script type=\"application\/ld+json\" class=\"yoast-schema-graph\">{\"@context\":\"https:\/\/schema.org\",\"@graph\":[{\"@type\":\"WebPage\",\"@id\":\"https:\/\/www-staging.telemedic.ca\/nous-joindre\/\",\"url\":\"https:\/\/www-staging.telemedic.ca\/nous-joindre\/\",\"name\":\"Contactez SOFI | Logiciel de gestion RPA, RI et CHSLD au Qu\u00e9bec\",\"isPartOf\":{\"@id\":\"https:\/\/www-staging.telemedic.ca\/#website\"},\"primaryImageOfPage\":{\"@id\":\"https:\/\/www-staging.telemedic.ca\/nous-joindre\/#primaryimage\"},\"image\":{\"@id\":\"https:\/\/www-staging.telemedic.ca\/nous-joindre\/#primaryimage\"},\"thumbnailUrl\":\"https:\/\/www-staging.telemedic.ca\/wp-content\/uploads\/2026\/02\/Bandeau-SOFI-v2-04.jpg\",\"datePublished\":\"2026-02-18T17:14:12+00:00\",\"dateModified\":\"2026-03-05T20:23:43+00:00\",\"description\":\"Contactez l\u2019\u00e9quipe SOFI pour une d\u00e9monstration ou des informations sur notre logiciel de gestion pour RPA, RI et CHSLD au Qu\u00e9bec.\",\"breadcrumb\":{\"@id\":\"https:\/\/www-staging.telemedic.ca\/nous-joindre\/#breadcrumb\"},\"inLanguage\":\"fr-CA\",\"potentialAction\":[{\"@type\":\"ReadAction\",\"target\":[\"https:\/\/www-staging.telemedic.ca\/nous-joindre\/\"]}]},{\"@type\":\"ImageObject\",\"inLanguage\":\"fr-CA\",\"@id\":\"https:\/\/www-staging.telemedic.ca\/nous-joindre\/#primaryimage\",\"url\":\"https:\/\/www-staging.telemedic.ca\/wp-content\/uploads\/2026\/02\/Bandeau-SOFI-v2-04.jpg\",\"contentUrl\":\"https:\/\/www-staging.telemedic.ca\/wp-content\/uploads\/2026\/02\/Bandeau-SOFI-v2-04.jpg\",\"width\":1920,\"height\":600,\"caption\":\"Contactez l\u2019\u00e9quipe SOFI au Qu\u00e9bec\"},{\"@type\":\"BreadcrumbList\",\"@id\":\"https:\/\/www-staging.telemedic.ca\/nous-joindre\/#breadcrumb\",\"itemListElement\":[{\"@type\":\"ListItem\",\"position\":1,\"name\":\"Accueil\",\"item\":\"https:\/\/www-staging.telemedic.ca\/\"},{\"@type\":\"ListItem\",\"position\":2,\"name\":\"Nous joindre\"}]},{\"@type\":\"WebSite\",\"@id\":\"https:\/\/www-staging.telemedic.ca\/#website\",\"url\":\"https:\/\/www-staging.telemedic.ca\/\",\"name\":\"Telemedic\",\"description\":\"Logicile de gestion en milieu de vie\",\"publisher\":{\"@id\":\"https:\/\/www-staging.telemedic.ca\/#organization\"},\"potentialAction\":[{\"@type\":\"SearchAction\",\"target\":{\"@type\":\"EntryPoint\",\"urlTemplate\":\"https:\/\/www-staging.telemedic.ca\/?s={search_term_string}\"},\"query-input\":{\"@type\":\"PropertyValueSpecification\",\"valueRequired\":true,\"valueName\":\"search_term_string\"}}],\"inLanguage\":\"fr-CA\"},{\"@type\":\"Organization\",\"@id\":\"https:\/\/www-staging.telemedic.ca\/#organization\",\"name\":\"Telemedic\",\"url\":\"https:\/\/www-staging.telemedic.ca\/\",\"logo\":{\"@type\":\"ImageObject\",\"inLanguage\":\"fr-CA\",\"@id\":\"https:\/\/www-staging.telemedic.ca\/#\/schema\/logo\/image\/\",\"url\":\"https:\/\/www-staging.telemedic.ca\/wp-content\/uploads\/2025\/12\/cropped-Logo_Sofi_Noir-1-1.webp\",\"contentUrl\":\"https:\/\/www-staging.telemedic.ca\/wp-content\/uploads\/2025\/12\/cropped-Logo_Sofi_Noir-1-1.webp\",\"width\":1612,\"height\":598,\"caption\":\"Telemedic\"},\"image\":{\"@id\":\"https:\/\/www-staging.telemedic.ca\/#\/schema\/logo\/image\/\"},\"sameAs\":[\"https:\/\/www.facebook.com\/TelemedicSOFI\",\"https:\/\/www.linkedin.com\/company\/t-l-m-dic-inc\/\"]}]}<\/script>\n<!-- \/ Yoast SEO Premium plugin. -->","yoast_head_json":{"title":"Contactez SOFI | Logiciel de gestion RPA, RI et CHSLD au Qu\u00e9bec","description":"Contactez l\u2019\u00e9quipe SOFI pour une d\u00e9monstration ou des informations sur notre logiciel de gestion pour RPA, RI et CHSLD au Qu\u00e9bec.","robots":{"index":"noindex","follow":"follow","max-snippet":"max-snippet:-1","max-image-preview":"max-image-preview:large","max-video-preview":"max-video-preview:-1"},"og_locale":"fr_CA","og_type":"article","og_title":"Nous joindre","og_description":"Contactez l\u2019\u00e9quipe SOFI pour une d\u00e9monstration ou des informations sur notre logiciel de gestion pour RPA, RI et CHSLD au Qu\u00e9bec.","og_url":"https:\/\/www-staging.telemedic.ca\/nous-joindre\/","og_site_name":"Telemedic","article_publisher":"https:\/\/www.facebook.com\/TelemedicSOFI","article_modified_time":"2026-03-05T20:23:43+00:00","og_image":[{"width":1920,"height":600,"url":"https:\/\/www-staging.telemedic.ca\/wp-content\/uploads\/2026\/02\/Bandeau-SOFI-v2-04.jpg","type":"image\/jpeg"}],"twitter_card":"summary_large_image","twitter_misc":{"Estimation du temps de lecture":"1 minute"},"schema":{"@context":"https:\/\/schema.org","@graph":[{"@type":"WebPage","@id":"https:\/\/www-staging.telemedic.ca\/nous-joindre\/","url":"https:\/\/www-staging.telemedic.ca\/nous-joindre\/","name":"Contactez SOFI | Logiciel de gestion RPA, RI et CHSLD au Qu\u00e9bec","isPartOf":{"@id":"https:\/\/www-staging.telemedic.ca\/#website"},"primaryImageOfPage":{"@id":"https:\/\/www-staging.telemedic.ca\/nous-joindre\/#primaryimage"},"image":{"@id":"https:\/\/www-staging.telemedic.ca\/nous-joindre\/#primaryimage"},"thumbnailUrl":"https:\/\/www-staging.telemedic.ca\/wp-content\/uploads\/2026\/02\/Bandeau-SOFI-v2-04.jpg","datePublished":"2026-02-18T17:14:12+00:00","dateModified":"2026-03-05T20:23:43+00:00","description":"Contactez l\u2019\u00e9quipe SOFI pour une d\u00e9monstration ou des informations sur notre logiciel de gestion pour RPA, RI et CHSLD au Qu\u00e9bec.","breadcrumb":{"@id":"https:\/\/www-staging.telemedic.ca\/nous-joindre\/#breadcrumb"},"inLanguage":"fr-CA","potentialAction":[{"@type":"ReadAction","target":["https:\/\/www-staging.telemedic.ca\/nous-joindre\/"]}]},{"@type":"ImageObject","inLanguage":"fr-CA","@id":"https:\/\/www-staging.telemedic.ca\/nous-joindre\/#primaryimage","url":"https:\/\/www-staging.telemedic.ca\/wp-content\/uploads\/2026\/02\/Bandeau-SOFI-v2-04.jpg","contentUrl":"https:\/\/www-staging.telemedic.ca\/wp-content\/uploads\/2026\/02\/Bandeau-SOFI-v2-04.jpg","width":1920,"height":600,"caption":"Contactez l\u2019\u00e9quipe SOFI au Qu\u00e9bec"},{"@type":"BreadcrumbList","@id":"https:\/\/www-staging.telemedic.ca\/nous-joindre\/#breadcrumb","itemListElement":[{"@type":"ListItem","position":1,"name":"Accueil","item":"https:\/\/www-staging.telemedic.ca\/"},{"@type":"ListItem","position":2,"name":"Nous joindre"}]},{"@type":"WebSite","@id":"https:\/\/www-staging.telemedic.ca\/#website","url":"https:\/\/www-staging.telemedic.ca\/","name":"Telemedic","description":"Logicile de gestion en milieu de vie","publisher":{"@id":"https:\/\/www-staging.telemedic.ca\/#organization"},"potentialAction":[{"@type":"SearchAction","target":{"@type":"EntryPoint","urlTemplate":"https:\/\/www-staging.telemedic.ca\/?s={search_term_string}"},"query-input":{"@type":"PropertyValueSpecification","valueRequired":true,"valueName":"search_term_string"}}],"inLanguage":"fr-CA"},{"@type":"Organization","@id":"https:\/\/www-staging.telemedic.ca\/#organization","name":"Telemedic","url":"https:\/\/www-staging.telemedic.ca\/","logo":{"@type":"ImageObject","inLanguage":"fr-CA","@id":"https:\/\/www-staging.telemedic.ca\/#\/schema\/logo\/image\/","url":"https:\/\/www-staging.telemedic.ca\/wp-content\/uploads\/2025\/12\/cropped-Logo_Sofi_Noir-1-1.webp","contentUrl":"https:\/\/www-staging.telemedic.ca\/wp-content\/uploads\/2025\/12\/cropped-Logo_Sofi_Noir-1-1.webp","width":1612,"height":598,"caption":"Telemedic"},"image":{"@id":"https:\/\/www-staging.telemedic.ca\/#\/schema\/logo\/image\/"},"sameAs":["https:\/\/www.facebook.com\/TelemedicSOFI","https:\/\/www.linkedin.com\/company\/t-l-m-dic-inc\/"]}]}},"_links":{"self":[{"href":"https:\/\/www-staging.telemedic.ca\/fr\/wp-json\/wp\/v2\/pages\/718","targetHints":{"allow":["GET"]}}],"collection":[{"href":"https:\/\/www-staging.telemedic.ca\/fr\/wp-json\/wp\/v2\/pages"}],"about":[{"href":"https:\/\/www-staging.telemedic.ca\/fr\/wp-json\/wp\/v2\/types\/page"}],"author":[{"embeddable":true,"href":"https:\/\/www-staging.telemedic.ca\/fr\/wp-json\/wp\/v2\/users\/1"}],"replies":[{"embeddable":true,"href":"https:\/\/www-staging.telemedic.ca\/fr\/wp-json\/wp\/v2\/comments?post=718"}],"version-history":[{"count":75,"href":"https:\/\/www-staging.telemedic.ca\/fr\/wp-json\/wp\/v2\/pages\/718\/revisions"}],"predecessor-version":[{"id":1511,"href":"https:\/\/www-staging.telemedic.ca\/fr\/wp-json\/wp\/v2\/pages\/718\/revisions\/1511"}],"wp:featuredmedia":[{"embeddable":true,"href":"https:\/\/www-staging.telemedic.ca\/fr\/wp-json\/wp\/v2\/media\/730"}],"wp:attachment":[{"href":"https:\/\/www-staging.telemedic.ca\/fr\/wp-json\/wp\/v2\/media?parent=718"}],"wp:term":[{"taxonomy":"category","embeddable":true,"href":"https:\/\/www-staging.telemedic.ca\/fr\/wp-json\/wp\/v2\/categories?post=718"}],"curies":[{"name":"wp","href":"https:\/\/api.w.org\/{rel}","templated":true}]}}