{"id":501,"date":"2026-02-18T08:43:30","date_gmt":"2026-02-18T13:43:30","guid":{"rendered":"https:\/\/www-staging.telemedic.ca\/?page_id=501"},"modified":"2026-02-27T12:28:09","modified_gmt":"2026-02-27T17:28:09","slug":"articles-gestion-soins-rpa-quebec","status":"publish","type":"page","link":"https:\/\/www-staging.telemedic.ca\/fr\/articles-gestion-soins-rpa-quebec\/","title":{"rendered":"Sofi articles"},"content":{"rendered":"\t\t<div data-elementor-type=\"wp-page\" data-elementor-id=\"501\" class=\"elementor elementor-501\" data-elementor-post-type=\"page\">\n\t\t\t\t<div class=\"elementor-element elementor-element-7d14d9 e-con-full e-flex e-con e-parent\" data-id=\"7d14d9\" data-element_type=\"container\" data-e-type=\"container\" data-settings=\"{&quot;background_background&quot;:&quot;classic&quot;}\">\n\t\t\t\t<div class=\"elementor-element elementor-element-39a8116a elementor-widget elementor-widget-heading\" data-id=\"39a8116a\" data-element_type=\"widget\" data-e-type=\"widget\" data-widget_type=\"heading.default\">\n\t\t\t\t\t<h1 class=\"elementor-heading-title elementor-size-default\">Actualit\u00e9s des milieux de vie<\/h1>\t\t\t\t<\/div>\n\t\t\t\t<\/div>\n\t\t<div class=\"elementor-element elementor-element-6c0b25d3 e-flex e-con-boxed e-con e-parent\" data-id=\"6c0b25d3\" data-element_type=\"container\" data-e-type=\"container\">\n\t\t\t\t\t<div class=\"e-con-inner\">\n\t\t\t\t<div class=\"elementor-element elementor-element-3ce49da2 elementor-widget elementor-widget-heading\" data-id=\"3ce49da2\" data-element_type=\"widget\" data-e-type=\"widget\" data-widget_type=\"heading.default\">\n\t\t\t\t\t<h2 class=\"elementor-heading-title elementor-size-default\">Bienvenue dans l\u2019espace articles de SOFI<\/h2>\t\t\t\t<\/div>\n\t\t\t\t\t<\/div>\n\t\t\t\t<\/div>\n\t\t<div class=\"elementor-element elementor-element-4acaaa3 elementor-hidden-mobile e-flex e-con-boxed e-con e-parent\" data-id=\"4acaaa3\" data-element_type=\"container\" data-e-type=\"container\">\n\t\t\t\t\t<div class=\"e-con-inner\">\n\t\t\t\t<div class=\"elementor-element elementor-element-538ba5bb elementor-widget__width-initial elementor-hidden-mobile elementor-widget elementor-widget-text-editor\" data-id=\"538ba5bb\" data-element_type=\"widget\" data-e-type=\"widget\" data-widget_type=\"text-editor.default\">\n\t\t\t\t\t\t\t\t\t<p class=\"p1\">Bienvenue dans l\u2019espace articles de SOFI. Cet espace s\u2019adresse aux gestionnaires et aux \u00e9quipes qui souhaitent am\u00e9liorer la <span class=\"s1\">gestion soins RPA Qu\u00e9bec<\/span> et structurer leurs op\u00e9rations de fa\u00e7on durable.<br \/><br \/>Dans les r\u00e9sidences priv\u00e9es pour a\u00een\u00e9s, la gestion des soins exige rigueur et coordination. Pourtant, plusieurs \u00e9tablissements doivent encore composer avec des processus fragment\u00e9s. Par cons\u00e9quent, le suivi clinique et administratif devient plus complexe.<\/p><p class=\"p1\">Nos articles traitent concr\u00e8tement de la <span class=\"s1\">gestion soins RPA Qu\u00e9bec<\/span> \u00e0 travers des \u00e9tudes de cas, des portraits d\u2019employ\u00e9s et des initiatives terrain. De plus, nous mettons en lumi\u00e8re des bonnes pratiques en mati\u00e8re de tra\u00e7abilit\u00e9, de conformit\u00e9 et d\u2019am\u00e9lioration continue.<\/p><p class=\"p1\">Chaque publication vise un objectif clair : offrir des solutions applicables rapidement. Ainsi, les directions peuvent mieux structurer leurs processus et renforcer la qualit\u00e9 des services offerts aux r\u00e9sidents.<\/p><p class=\"p1\">Gr\u00e2ce \u00e0 une approche num\u00e9rique adapt\u00e9e aux r\u00e9alit\u00e9s du Qu\u00e9bec, la <span class=\"s1\">gestion soins RPA Qu\u00e9bec<\/span> devient plus fluide, plus mesurable et mieux encadr\u00e9e.<\/p><p class=\"p1\">Explorez nos articles pour d\u00e9couvrir des exemples concrets et des strat\u00e9gies efficaces pour votre \u00e9tablissement.<\/p>\t\t\t\t\t\t\t\t<\/div>\n\t\t<div class=\"elementor-element elementor-element-80f60a8 e-con-full elementor-hidden-mobile e-flex e-con e-child\" data-id=\"80f60a8\" data-element_type=\"container\" data-e-type=\"container\">\n\t\t\t\t<\/div>\n\t\t<div class=\"elementor-element elementor-element-7f13d6b e-con-full e-flex e-con e-child\" data-id=\"7f13d6b\" data-element_type=\"container\" data-e-type=\"container\">\n\t\t\t\t<div class=\"elementor-element elementor-element-351b8034 elementor-widget__width-initial elementor-widget elementor-widget-shortcode\" data-id=\"351b8034\" data-element_type=\"widget\" data-e-type=\"widget\" data-widget_type=\"shortcode.default\">\n\t\t\t\t\t\t\t<div class=\"elementor-shortcode\"><div class=\"ccai-menu-grid\">\n        <div class=\"ccai-menu-card\">\n            <a href=\"https:\/\/www-staging.telemedic.ca\/fr\/category\/etude-de-cas\/\">\n                <div class=\"ccai-thumb\" style=\"background-image:url(https:\/\/www-staging.telemedic.ca\/wp-content\/uploads\/2026\/02\/Bandeau-2016-SOFI-08.jpg);\"><\/div>\n                <div class=\"ccai-overlay\"><h2>\u00c9tude de cas<\/h2><\/div>\n            <\/a>\n        <\/div><\/div><\/div>\n\t\t\t\t\t\t<\/div>\n\t\t\t\t<\/div>\n\t\t\t\t\t<\/div>\n\t\t\t\t<\/div>\n\t\t<div class=\"elementor-element elementor-element-c94a831 elementor-hidden-desktop elementor-hidden-tablet e-flex e-con-boxed e-con e-parent\" data-id=\"c94a831\" data-element_type=\"container\" data-e-type=\"container\">\n\t\t\t\t\t<div class=\"e-con-inner\">\n\t\t\t\t<div class=\"elementor-element elementor-element-06578b8 elementor-widget__width-initial elementor-hidden-desktop elementor-hidden-tablet elementor-widget elementor-widget-text-editor\" data-id=\"06578b8\" data-element_type=\"widget\" data-e-type=\"widget\" data-widget_type=\"text-editor.default\">\n\t\t\t\t\t\t\t\t\t<p class=\"p1\">Bienvenue dans l\u2019espace articles de <strong>SOFI<\/strong>. Nous partageons des \u00e9tudes de cas et des initiatives terrain en <strong>RPA<\/strong>, <strong>RI<\/strong> et <strong>CHSLD<\/strong> au Qu\u00e9bec. SOFI est un partenaire engag\u00e9 <strong>au service des milieux de vie.<\/strong><\/p>\t\t\t\t\t\t\t\t<\/div>\n\t\t\t\t<div class=\"elementor-element elementor-element-8821c66 elementor-widget__width-initial elementor-widget elementor-widget-shortcode\" data-id=\"8821c66\" data-element_type=\"widget\" data-e-type=\"widget\" data-widget_type=\"shortcode.default\">\n\t\t\t\t\t\t\t<div class=\"elementor-shortcode\"><div class=\"ccai-menu-grid\">\n        <div class=\"ccai-menu-card\">\n            <a href=\"https:\/\/www-staging.telemedic.ca\/fr\/category\/etude-de-cas\/\">\n                <div class=\"ccai-thumb\" style=\"background-image:url(https:\/\/www-staging.telemedic.ca\/wp-content\/uploads\/2026\/02\/Bandeau-2016-SOFI-08.jpg);\"><\/div>\n                <div class=\"ccai-overlay\"><h2>\u00c9tude de cas<\/h2><\/div>\n            <\/a>\n        <\/div><\/div><\/div>\n\t\t\t\t\t\t<\/div>\n\t\t\t\t\t<\/div>\n\t\t\t\t<\/div>\n\t\t<div class=\"elementor-element elementor-element-60c598f2 elementor-hidden-mobile e-flex e-con-boxed e-con e-parent\" data-id=\"60c598f2\" data-element_type=\"container\" data-e-type=\"container\" data-settings=\"{&quot;background_background&quot;:&quot;classic&quot;}\">\n\t\t\t\t\t<div class=\"e-con-inner\">\n\t\t<div class=\"elementor-element elementor-element-39ed4a33 e-con-full e-flex e-con e-child\" data-id=\"39ed4a33\" data-element_type=\"container\" data-e-type=\"container\">\n\t\t\t\t<div class=\"elementor-element elementor-element-40a79590 elementor-widget elementor-widget-heading\" data-id=\"40a79590\" data-element_type=\"widget\" data-e-type=\"widget\" data-widget_type=\"heading.default\">\n\t\t\t\t\t<h2 class=\"elementor-heading-title elementor-size-default\">SOFI en un <br>coup d\u2019\u0153il!<\/h2>\t\t\t\t<\/div>\n\t\t\t\t<div class=\"elementor-element elementor-element-80dc538 elementor-widget elementor-widget-text-editor\" data-id=\"80dc538\" data-element_type=\"widget\" data-e-type=\"widget\" data-widget_type=\"text-editor.default\">\n\t\t\t\t\t\t\t\t\t<p>SOFI en un coup d\u2019\u0153il est pr\u00e9sent\u00e9 sous forme de flipbook au <strong>format magazine<\/strong>, <strong>offrant une exp\u00e9rience de lecture fluide, professionnelle et interactive<\/strong>.<\/p><p>Ce document synth\u00e8se met en lumi\u00e8re les principaux <strong>avantages du logiciel de gestion<\/strong> pour RPA, RI et CHSLD au Qu\u00e9bec : centralisation des donn\u00e9es cliniques et administratives, r\u00e9duction significative de la paperasse, tra\u00e7abilit\u00e9 compl\u00e8te des soins, soutien \u00e0 la conformit\u00e9 r\u00e9glementaire et optimisation de la performance op\u00e9rationnelle des milieux de vie.<\/p>\t\t\t\t\t\t\t\t<\/div>\n\t\t\t\t<div class=\"elementor-element elementor-element-11bbc53e elementor-align-left elementor-mobile-align-center elementor-tablet-align-center elementor-widget__width-inherit elementor-widget elementor-widget-global elementor-global-870 elementor-widget-button\" data-id=\"11bbc53e\" data-element_type=\"widget\" data-e-type=\"widget\" data-widget_type=\"button.default\">\n\t\t\t\t\t\t\t\t\t\t<a class=\"elementor-button elementor-button-link elementor-size-sm elementor-animation-grow\" href=\"https:\/\/www-staging.telemedic.ca\/fr\/sofi-en-un-clin-doeil\/\">\n\t\t\t\t\t\t<span class=\"elementor-button-content-wrapper\">\n\t\t\t\t\t\t\t\t\t<span class=\"elementor-button-text\">Cliquez ici<\/span>\n\t\t\t\t\t<\/span>\n\t\t\t\t\t<\/a>\n\t\t\t\t\t\t\t\t<\/div>\n\t\t\t\t<\/div>\n\t\t\t\t<div class=\"elementor-element elementor-element-23a52627 elementor-widget__width-initial elementor-widget elementor-widget-gallery\" data-id=\"23a52627\" data-element_type=\"widget\" data-e-type=\"widget\" data-settings=\"{&quot;gallery_layout&quot;:&quot;masonry&quot;,&quot;columns&quot;:&quot;2&quot;,&quot;lazyload&quot;:&quot;yes&quot;,&quot;columns_tablet&quot;:2,&quot;columns_mobile&quot;:1,&quot;gap&quot;:{&quot;unit&quot;:&quot;px&quot;,&quot;size&quot;:10,&quot;sizes&quot;:[]},&quot;gap_tablet&quot;:{&quot;unit&quot;:&quot;px&quot;,&quot;size&quot;:10,&quot;sizes&quot;:[]},&quot;gap_mobile&quot;:{&quot;unit&quot;:&quot;px&quot;,&quot;size&quot;:10,&quot;sizes&quot;:[]},&quot;overlay_background&quot;:&quot;yes&quot;,&quot;content_hover_animation&quot;:&quot;fade-in&quot;}\" data-widget_type=\"gallery.default\">\n\t\t\t\t\t\t\t<div class=\"elementor-gallery__container\">\n\t\t\t\t\t\t\t<div class=\"e-gallery-item elementor-gallery-item elementor-animated-content\">\n\t\t\t\t\t<div class=\"e-gallery-image elementor-gallery-item__image\" data-thumbnail=\"https:\/\/www-staging.telemedic.ca\/wp-content\/uploads\/2026\/02\/SOFI-FLIPBOOK-04.png\" data-width=\"628\" data-height=\"761\" aria-label=\"SOFI FLIPBOOK-04\" role=\"img\" ><\/div>\n\t\t\t\t\t\t\t\t\t\t\t<div class=\"elementor-gallery-item__overlay\"><\/div>\n\t\t\t\t\t\t\t\t\t\t\t\t\t\t<\/div>\n\t\t\t\t\t\t\t<div class=\"e-gallery-item elementor-gallery-item elementor-animated-content\">\n\t\t\t\t\t<div class=\"e-gallery-image elementor-gallery-item__image\" data-thumbnail=\"https:\/\/www-staging.telemedic.ca\/wp-content\/uploads\/2026\/02\/SOFI-FLIPBOOK-01.png\" data-width=\"938\" data-height=\"625\" aria-label=\"\" role=\"img\" ><\/div>\n\t\t\t\t\t\t\t\t\t\t\t<div class=\"elementor-gallery-item__overlay\"><\/div>\n\t\t\t\t\t\t\t\t\t\t\t\t\t\t<\/div>\n\t\t\t\t\t\t\t<div class=\"e-gallery-item elementor-gallery-item elementor-animated-content\">\n\t\t\t\t\t<div class=\"e-gallery-image elementor-gallery-item__image\" data-thumbnail=\"https:\/\/www-staging.telemedic.ca\/wp-content\/uploads\/2026\/02\/SOFI-FLIPBOOK-02.png\" data-width=\"938\" data-height=\"625\" aria-label=\"\" role=\"img\" ><\/div>\n\t\t\t\t\t\t\t\t\t\t\t<div class=\"elementor-gallery-item__overlay\"><\/div>\n\t\t\t\t\t\t\t\t\t\t\t\t\t\t<\/div>\n\t\t\t\t\t<\/div>\n\t\t\t\t\t<\/div>\n\t\t\t\t\t<\/div>\n\t\t\t\t<\/div>\n\t\t\t\t<\/div>\n\t\t","protected":false},"excerpt":{"rendered":"<p>Espace d\u2019articles d\u00e9di\u00e9 \u00e0 la gestion soins RPA Qu\u00e9bec : cas r\u00e9els, pratiques terrain et optimisation des r\u00e9sidences priv\u00e9es pour a\u00een\u00e9s.<\/p>\n","protected":false},"author":1,"featured_media":382,"parent":0,"menu_order":0,"comment_status":"closed","ping_status":"closed","template":"","meta":{"_yoast_wpseo_title":"Articles SOFI | Gestion des soins RPA, RI et CHSLD","_yoast_wpseo_metadesc":"Articles et \u00e9tudes de cas sur la gestion des soins en RPA, RI et CHSLD au Qu\u00e9bec. Bonnes pratiques et am\u00e9lioration continue.","_ccai_fb_message":"","_ccai_fb_hashtags":"","_ccai_fb_image":382,"_ccai_fb_date":"","_ccai_fb_approved":false,"_ccai_li_message":"","_ccai_li_hashtags":"","_ccai_li_image":382,"_ccai_li_date":"","_ccai_li_approved":false,"_ccai_fb_status":"","_ccai_li_status":"","footnotes":""},"categories":[],"class_list":["post-501","page","type-page","status-publish","has-post-thumbnail","hentry"],"yoast_head":"<!-- This site is optimized with the Yoast SEO Premium plugin v26.9 (Yoast SEO v26.9) - https:\/\/yoast.com\/product\/yoast-seo-premium-wordpress\/ -->\n<title>Articles SOFI | Gestion des soins RPA, RI et CHSLD<\/title>\n<meta name=\"description\" content=\"Articles et \u00e9tudes de cas sur la gestion des soins en RPA, RI et CHSLD au Qu\u00e9bec. Bonnes pratiques et am\u00e9lioration continue.\" \/>\n<meta name=\"robots\" content=\"noindex, follow, max-snippet:-1, max-image-preview:large, max-video-preview:-1\" \/>\n<meta property=\"og:locale\" content=\"fr_CA\" \/>\n<meta property=\"og:type\" content=\"article\" \/>\n<meta property=\"og:title\" content=\"Gestion soins RPA Qu\u00e9bec | Articles et \u00e9tudes de cas SOFI\" \/>\n<meta property=\"og:description\" content=\"Articles sur la gestion soins RPA Qu\u00e9bec : \u00e9tudes de cas, bonnes pratiques et optimisation des milieux de vie avec SOFI.\" \/>\n<meta property=\"og:url\" content=\"https:\/\/www-staging.telemedic.ca\/articles-gestion-soins-rpa-quebec\/\" \/>\n<meta property=\"og:site_name\" content=\"Telemedic\" \/>\n<meta property=\"article:publisher\" content=\"https:\/\/www.facebook.com\/TelemedicSOFI\" \/>\n<meta property=\"article:modified_time\" content=\"2026-02-27T17:28:09+00:00\" \/>\n<meta property=\"og:image\" content=\"https:\/\/www-staging.telemedic.ca\/wp-content\/uploads\/2026\/02\/Bandeau-2016-SOFI-08.jpg\" \/>\n\t<meta property=\"og:image:width\" content=\"1920\" \/>\n\t<meta property=\"og:image:height\" content=\"600\" \/>\n\t<meta property=\"og:image:type\" content=\"image\/jpeg\" \/>\n<meta name=\"twitter:card\" content=\"summary_large_image\" \/>\n<meta name=\"twitter:title\" content=\"Sofi articles\" \/>\n<meta name=\"twitter:label1\" content=\"Estimation du temps de lecture\" \/>\n\t<meta name=\"twitter:data1\" content=\"2 minutes\" \/>\n<script type=\"application\/ld+json\" class=\"yoast-schema-graph\">{\"@context\":\"https:\/\/schema.org\",\"@graph\":[{\"@type\":\"WebPage\",\"@id\":\"https:\/\/www-staging.telemedic.ca\/articles-gestion-soins-rpa-quebec\/\",\"url\":\"https:\/\/www-staging.telemedic.ca\/articles-gestion-soins-rpa-quebec\/\",\"name\":\"Articles SOFI | Gestion des soins RPA, RI et CHSLD\",\"isPartOf\":{\"@id\":\"https:\/\/www-staging.telemedic.ca\/#website\"},\"primaryImageOfPage\":{\"@id\":\"https:\/\/www-staging.telemedic.ca\/articles-gestion-soins-rpa-quebec\/#primaryimage\"},\"image\":{\"@id\":\"https:\/\/www-staging.telemedic.ca\/articles-gestion-soins-rpa-quebec\/#primaryimage\"},\"thumbnailUrl\":\"https:\/\/www-staging.telemedic.ca\/wp-content\/uploads\/2026\/02\/Bandeau-2016-SOFI-08.jpg\",\"datePublished\":\"2026-02-18T13:43:30+00:00\",\"dateModified\":\"2026-02-27T17:28:09+00:00\",\"description\":\"Articles et \u00e9tudes de cas sur la gestion des soins en RPA, RI et CHSLD au Qu\u00e9bec. Bonnes pratiques et am\u00e9lioration continue.\",\"breadcrumb\":{\"@id\":\"https:\/\/www-staging.telemedic.ca\/articles-gestion-soins-rpa-quebec\/#breadcrumb\"},\"inLanguage\":\"fr-CA\",\"potentialAction\":[{\"@type\":\"ReadAction\",\"target\":[\"https:\/\/www-staging.telemedic.ca\/articles-gestion-soins-rpa-quebec\/\"]}]},{\"@type\":\"ImageObject\",\"inLanguage\":\"fr-CA\",\"@id\":\"https:\/\/www-staging.telemedic.ca\/articles-gestion-soins-rpa-quebec\/#primaryimage\",\"url\":\"https:\/\/www-staging.telemedic.ca\/wp-content\/uploads\/2026\/02\/Bandeau-2016-SOFI-08.jpg\",\"contentUrl\":\"https:\/\/www-staging.telemedic.ca\/wp-content\/uploads\/2026\/02\/Bandeau-2016-SOFI-08.jpg\",\"width\":1920,\"height\":600,\"caption\":\"articles gestion soins RPA Qu\u00e9bec\"},{\"@type\":\"BreadcrumbList\",\"@id\":\"https:\/\/www-staging.telemedic.ca\/articles-gestion-soins-rpa-quebec\/#breadcrumb\",\"itemListElement\":[{\"@type\":\"ListItem\",\"position\":1,\"name\":\"Accueil\",\"item\":\"https:\/\/www-staging.telemedic.ca\/\"},{\"@type\":\"ListItem\",\"position\":2,\"name\":\"Sofi articles\"}]},{\"@type\":\"WebSite\",\"@id\":\"https:\/\/www-staging.telemedic.ca\/#website\",\"url\":\"https:\/\/www-staging.telemedic.ca\/\",\"name\":\"Telemedic\",\"description\":\"Logicile de gestion en milieu de vie\",\"publisher\":{\"@id\":\"https:\/\/www-staging.telemedic.ca\/#organization\"},\"potentialAction\":[{\"@type\":\"SearchAction\",\"target\":{\"@type\":\"EntryPoint\",\"urlTemplate\":\"https:\/\/www-staging.telemedic.ca\/?s={search_term_string}\"},\"query-input\":{\"@type\":\"PropertyValueSpecification\",\"valueRequired\":true,\"valueName\":\"search_term_string\"}}],\"inLanguage\":\"fr-CA\"},{\"@type\":\"Organization\",\"@id\":\"https:\/\/www-staging.telemedic.ca\/#organization\",\"name\":\"Telemedic\",\"url\":\"https:\/\/www-staging.telemedic.ca\/\",\"logo\":{\"@type\":\"ImageObject\",\"inLanguage\":\"fr-CA\",\"@id\":\"https:\/\/www-staging.telemedic.ca\/#\/schema\/logo\/image\/\",\"url\":\"https:\/\/www-staging.telemedic.ca\/wp-content\/uploads\/2025\/12\/cropped-Logo_Sofi_Noir-1-1.webp\",\"contentUrl\":\"https:\/\/www-staging.telemedic.ca\/wp-content\/uploads\/2025\/12\/cropped-Logo_Sofi_Noir-1-1.webp\",\"width\":1612,\"height\":598,\"caption\":\"Telemedic\"},\"image\":{\"@id\":\"https:\/\/www-staging.telemedic.ca\/#\/schema\/logo\/image\/\"},\"sameAs\":[\"https:\/\/www.facebook.com\/TelemedicSOFI\",\"https:\/\/www.linkedin.com\/company\/t-l-m-dic-inc\/\"]}]}<\/script>\n<!-- \/ Yoast SEO Premium plugin. -->","yoast_head_json":{"title":"Articles SOFI | Gestion des soins RPA, RI et CHSLD","description":"Articles et \u00e9tudes de cas sur la gestion des soins en RPA, RI et CHSLD au Qu\u00e9bec. Bonnes pratiques et am\u00e9lioration continue.","robots":{"index":"noindex","follow":"follow","max-snippet":"max-snippet:-1","max-image-preview":"max-image-preview:large","max-video-preview":"max-video-preview:-1"},"og_locale":"fr_CA","og_type":"article","og_title":"Gestion soins RPA Qu\u00e9bec | Articles et \u00e9tudes de cas SOFI","og_description":"Articles sur la gestion soins RPA Qu\u00e9bec : \u00e9tudes de cas, bonnes pratiques et optimisation des milieux de vie avec SOFI.","og_url":"https:\/\/www-staging.telemedic.ca\/articles-gestion-soins-rpa-quebec\/","og_site_name":"Telemedic","article_publisher":"https:\/\/www.facebook.com\/TelemedicSOFI","article_modified_time":"2026-02-27T17:28:09+00:00","og_image":[{"width":1920,"height":600,"url":"https:\/\/www-staging.telemedic.ca\/wp-content\/uploads\/2026\/02\/Bandeau-2016-SOFI-08.jpg","type":"image\/jpeg"}],"twitter_card":"summary_large_image","twitter_title":"Sofi articles","twitter_misc":{"Estimation du temps de lecture":"2 minutes"},"schema":{"@context":"https:\/\/schema.org","@graph":[{"@type":"WebPage","@id":"https:\/\/www-staging.telemedic.ca\/articles-gestion-soins-rpa-quebec\/","url":"https:\/\/www-staging.telemedic.ca\/articles-gestion-soins-rpa-quebec\/","name":"Articles SOFI | Gestion des soins RPA, RI et CHSLD","isPartOf":{"@id":"https:\/\/www-staging.telemedic.ca\/#website"},"primaryImageOfPage":{"@id":"https:\/\/www-staging.telemedic.ca\/articles-gestion-soins-rpa-quebec\/#primaryimage"},"image":{"@id":"https:\/\/www-staging.telemedic.ca\/articles-gestion-soins-rpa-quebec\/#primaryimage"},"thumbnailUrl":"https:\/\/www-staging.telemedic.ca\/wp-content\/uploads\/2026\/02\/Bandeau-2016-SOFI-08.jpg","datePublished":"2026-02-18T13:43:30+00:00","dateModified":"2026-02-27T17:28:09+00:00","description":"Articles et \u00e9tudes de cas sur la gestion des soins en RPA, RI et CHSLD au Qu\u00e9bec. Bonnes pratiques et am\u00e9lioration continue.","breadcrumb":{"@id":"https:\/\/www-staging.telemedic.ca\/articles-gestion-soins-rpa-quebec\/#breadcrumb"},"inLanguage":"fr-CA","potentialAction":[{"@type":"ReadAction","target":["https:\/\/www-staging.telemedic.ca\/articles-gestion-soins-rpa-quebec\/"]}]},{"@type":"ImageObject","inLanguage":"fr-CA","@id":"https:\/\/www-staging.telemedic.ca\/articles-gestion-soins-rpa-quebec\/#primaryimage","url":"https:\/\/www-staging.telemedic.ca\/wp-content\/uploads\/2026\/02\/Bandeau-2016-SOFI-08.jpg","contentUrl":"https:\/\/www-staging.telemedic.ca\/wp-content\/uploads\/2026\/02\/Bandeau-2016-SOFI-08.jpg","width":1920,"height":600,"caption":"articles gestion soins RPA Qu\u00e9bec"},{"@type":"BreadcrumbList","@id":"https:\/\/www-staging.telemedic.ca\/articles-gestion-soins-rpa-quebec\/#breadcrumb","itemListElement":[{"@type":"ListItem","position":1,"name":"Accueil","item":"https:\/\/www-staging.telemedic.ca\/"},{"@type":"ListItem","position":2,"name":"Sofi articles"}]},{"@type":"WebSite","@id":"https:\/\/www-staging.telemedic.ca\/#website","url":"https:\/\/www-staging.telemedic.ca\/","name":"Telemedic","description":"Logicile de gestion en milieu de vie","publisher":{"@id":"https:\/\/www-staging.telemedic.ca\/#organization"},"potentialAction":[{"@type":"SearchAction","target":{"@type":"EntryPoint","urlTemplate":"https:\/\/www-staging.telemedic.ca\/?s={search_term_string}"},"query-input":{"@type":"PropertyValueSpecification","valueRequired":true,"valueName":"search_term_string"}}],"inLanguage":"fr-CA"},{"@type":"Organization","@id":"https:\/\/www-staging.telemedic.ca\/#organization","name":"Telemedic","url":"https:\/\/www-staging.telemedic.ca\/","logo":{"@type":"ImageObject","inLanguage":"fr-CA","@id":"https:\/\/www-staging.telemedic.ca\/#\/schema\/logo\/image\/","url":"https:\/\/www-staging.telemedic.ca\/wp-content\/uploads\/2025\/12\/cropped-Logo_Sofi_Noir-1-1.webp","contentUrl":"https:\/\/www-staging.telemedic.ca\/wp-content\/uploads\/2025\/12\/cropped-Logo_Sofi_Noir-1-1.webp","width":1612,"height":598,"caption":"Telemedic"},"image":{"@id":"https:\/\/www-staging.telemedic.ca\/#\/schema\/logo\/image\/"},"sameAs":["https:\/\/www.facebook.com\/TelemedicSOFI","https:\/\/www.linkedin.com\/company\/t-l-m-dic-inc\/"]}]}},"_links":{"self":[{"href":"https:\/\/www-staging.telemedic.ca\/fr\/wp-json\/wp\/v2\/pages\/501","targetHints":{"allow":["GET"]}}],"collection":[{"href":"https:\/\/www-staging.telemedic.ca\/fr\/wp-json\/wp\/v2\/pages"}],"about":[{"href":"https:\/\/www-staging.telemedic.ca\/fr\/wp-json\/wp\/v2\/types\/page"}],"author":[{"embeddable":true,"href":"https:\/\/www-staging.telemedic.ca\/fr\/wp-json\/wp\/v2\/users\/1"}],"replies":[{"embeddable":true,"href":"https:\/\/www-staging.telemedic.ca\/fr\/wp-json\/wp\/v2\/comments?post=501"}],"version-history":[{"count":84,"href":"https:\/\/www-staging.telemedic.ca\/fr\/wp-json\/wp\/v2\/pages\/501\/revisions"}],"predecessor-version":[{"id":1458,"href":"https:\/\/www-staging.telemedic.ca\/fr\/wp-json\/wp\/v2\/pages\/501\/revisions\/1458"}],"wp:featuredmedia":[{"embeddable":true,"href":"https:\/\/www-staging.telemedic.ca\/fr\/wp-json\/wp\/v2\/media\/382"}],"wp:attachment":[{"href":"https:\/\/www-staging.telemedic.ca\/fr\/wp-json\/wp\/v2\/media?parent=501"}],"wp:term":[{"taxonomy":"category","embeddable":true,"href":"https:\/\/www-staging.telemedic.ca\/fr\/wp-json\/wp\/v2\/categories?post=501"}],"curies":[{"name":"wp","href":"https:\/\/api.w.org\/{rel}","templated":true}]}}