{"id":410,"date":"2026-02-17T16:13:41","date_gmt":"2026-02-17T21:13:41","guid":{"rendered":"https:\/\/www-staging.telemedic.ca\/?page_id=410"},"modified":"2026-03-05T11:38:53","modified_gmt":"2026-03-05T16:38:53","slug":"a-propos","status":"publish","type":"page","link":"https:\/\/www-staging.telemedic.ca\/fr\/a-propos\/","title":{"rendered":"\u00c0 propos"},"content":{"rendered":"\t\t<div data-elementor-type=\"wp-page\" data-elementor-id=\"410\" class=\"elementor elementor-410\" data-elementor-post-type=\"page\">\n\t\t\t\t<div class=\"elementor-element elementor-element-5bf3512e e-con-full e-flex e-con e-parent\" data-id=\"5bf3512e\" data-element_type=\"container\" data-e-type=\"container\" data-settings=\"{&quot;background_background&quot;:&quot;classic&quot;}\">\n\t\t\t\t<div class=\"elementor-element elementor-element-3eb5d699 elementor-widget elementor-widget-heading\" data-id=\"3eb5d699\" data-element_type=\"widget\" data-e-type=\"widget\" data-widget_type=\"heading.default\">\n\t\t\t\t\t<h2 class=\"elementor-heading-title elementor-size-default\">\u00c0 propos<\/h2>\t\t\t\t<\/div>\n\t\t\t\t<\/div>\n\t\t<div class=\"elementor-element elementor-element-2ea9870a e-con-full e-flex e-con e-parent\" data-id=\"2ea9870a\" data-element_type=\"container\" data-e-type=\"container\" data-settings=\"{&quot;background_background&quot;:&quot;classic&quot;}\">\n\t\t<div class=\"elementor-element elementor-element-4a7bc548 e-con-full e-flex e-con e-child\" data-id=\"4a7bc548\" data-element_type=\"container\" data-e-type=\"container\">\n\t\t\t\t<div class=\"elementor-element elementor-element-cf6b08d elementor-invisible elementor-widget elementor-widget-image\" data-id=\"cf6b08d\" data-element_type=\"widget\" data-e-type=\"widget\" data-settings=\"{&quot;_animation&quot;:&quot;fadeInLeft&quot;}\" data-widget_type=\"image.default\">\n\t\t\t\t\t\t\t\t\t\t\t\t\t\t\t<img fetchpriority=\"high\" decoding=\"async\" width=\"800\" height=\"145\" src=\"https:\/\/www-staging.telemedic.ca\/wp-content\/uploads\/2026\/02\/fier-dici-01.jpg\" class=\"attachment-large size-large wp-image-1409\" alt=\"Fier d&#039;ici\" srcset=\"https:\/\/www-staging.telemedic.ca\/wp-content\/uploads\/2026\/02\/fier-dici-01.jpg 861w, https:\/\/www-staging.telemedic.ca\/wp-content\/uploads\/2026\/02\/fier-dici-01-300x54.jpg 300w, https:\/\/www-staging.telemedic.ca\/wp-content\/uploads\/2026\/02\/fier-dici-01-768x139.jpg 768w\" sizes=\"(max-width: 800px) 100vw, 800px\" \/>\t\t\t\t\t\t\t\t\t\t\t\t\t\t\t<\/div>\n\t\t\t\t<div class=\"elementor-element elementor-element-d1591f9 elementor-invisible elementor-widget elementor-widget-heading\" data-id=\"d1591f9\" data-element_type=\"widget\" data-e-type=\"widget\" data-settings=\"{&quot;_animation&quot;:&quot;fadeIn&quot;}\" data-widget_type=\"heading.default\">\n\t\t\t\t\t<h2 class=\"elementor-heading-title elementor-size-default\">\u00c0 propos de Telemedic<br> et de SOFI<\/h2>\t\t\t\t<\/div>\n\t\t\t\t<div class=\"elementor-element elementor-element-148f2e8c elementor-invisible elementor-widget elementor-widget-heading\" data-id=\"148f2e8c\" data-element_type=\"widget\" data-e-type=\"widget\" data-settings=\"{&quot;_animation&quot;:&quot;fadeIn&quot;}\" data-widget_type=\"heading.default\">\n\t\t\t\t\t<h3 class=\"elementor-heading-title elementor-size-default\">Depuis plus de 20 ans, nous soutenons les \u00e9quipes des milieux de vie dans leur mission quotidienne aupr\u00e8s des r\u00e9sidents.<\/h3>\t\t\t\t<\/div>\n\t\t\t\t<div class=\"elementor-element elementor-element-ad83079 elementor-hidden-desktop elementor-hidden-tablet elementor-invisible elementor-widget elementor-widget-image\" data-id=\"ad83079\" data-element_type=\"widget\" data-e-type=\"widget\" data-settings=\"{&quot;_animation&quot;:&quot;fadeInLeft&quot;}\" data-widget_type=\"image.default\">\n\t\t\t\t\t\t\t\t\t\t\t\t\t\t\t<img decoding=\"async\" width=\"784\" height=\"822\" src=\"https:\/\/www-staging.telemedic.ca\/wp-content\/uploads\/2026\/02\/a-propos-sofi.webp\" class=\"attachment-large size-large wp-image-614\" alt=\"a propos sofi\" srcset=\"https:\/\/www-staging.telemedic.ca\/wp-content\/uploads\/2026\/02\/a-propos-sofi.webp 784w, https:\/\/www-staging.telemedic.ca\/wp-content\/uploads\/2026\/02\/a-propos-sofi-286x300.webp 286w, https:\/\/www-staging.telemedic.ca\/wp-content\/uploads\/2026\/02\/a-propos-sofi-768x805.webp 768w\" sizes=\"(max-width: 784px) 100vw, 784px\" \/>\t\t\t\t\t\t\t\t\t\t\t\t\t\t\t<\/div>\n\t\t\t\t<div class=\"elementor-element elementor-element-7033db53 elementor-widget elementor-widget-text-editor\" data-id=\"7033db53\" data-element_type=\"widget\" data-e-type=\"widget\" data-widget_type=\"text-editor.default\">\n\t\t\t\t\t\t\t\t\t<p>Depuis 2002, SOFI accompagne les milieux de vie dans l\u2019optimisation de leurs op\u00e9rations et l\u2019am\u00e9lioration de la qualit\u00e9 des soins. D\u00e9velopp\u00e9e pour r\u00e9pondre aux r\u00e9alit\u00e9s des r\u00e9sidences priv\u00e9es pour a\u00een\u00e9s (RPA), des ressources interm\u00e9diaires (RI) et des CHSLD, la plateforme soutient aujourd\u2019hui des milliers d\u2019intervenants et de r\u00e9sidents gr\u00e2ce \u00e0 une solution \u00e9prouv\u00e9e, \u00e9volutive et adapt\u00e9e au terrain.<\/p><p class=\"p3\">Nous d\u00e9veloppons SOFI comme un v\u00e9ritable outil de gestion des soins et de la sant\u00e9, con\u00e7u pour simplifier le quotidien des gestionnaires et des \u00e9quipes soignantes. Directeurs g\u00e9n\u00e9raux, directions des soins infirmiers, responsables des services et intervenants cliniques b\u00e9n\u00e9ficient d\u2019une vision claire et structur\u00e9e de leurs op\u00e9rations. La tra\u00e7abilit\u00e9 des interventions, l\u2019acc\u00e8s centralis\u00e9 \u00e0 l\u2019information et la conformit\u00e9 aux exigences du secteur permettent une gestion plus rigoureuse et proactive.<\/p><p class=\"p3\">Au-del\u00e0 de la technologie, notre mission est d\u2019offrir un environnement num\u00e9rique fiable qui favorise la qualit\u00e9 des services, la coordination des \u00e9quipes et le bien-\u00eatre des r\u00e9sidents. SOFI n\u2019est pas simplement un logiciel : c\u2019est une solution d\u00e9velopp\u00e9e avec et pour les milieux de vie.<\/p>\t\t\t\t\t\t\t\t<\/div>\n\t\t\t\t<div class=\"elementor-element elementor-element-eddca2b elementor-invisible elementor-widget elementor-widget-image\" data-id=\"eddca2b\" data-element_type=\"widget\" data-e-type=\"widget\" data-settings=\"{&quot;_animation&quot;:&quot;fadeInLeft&quot;}\" data-widget_type=\"image.default\">\n\t\t\t\t\t\t\t\t\t\t\t\t\t\t\t<img decoding=\"async\" width=\"800\" height=\"250\" src=\"https:\/\/www-staging.telemedic.ca\/wp-content\/uploads\/2026\/02\/Bandeau-2016-SOFI-06-1024x320.jpg\" class=\"attachment-large size-large wp-image-339\" alt=\"\" srcset=\"https:\/\/www-staging.telemedic.ca\/wp-content\/uploads\/2026\/02\/Bandeau-2016-SOFI-06-1024x320.jpg 1024w, https:\/\/www-staging.telemedic.ca\/wp-content\/uploads\/2026\/02\/Bandeau-2016-SOFI-06-300x94.jpg 300w, https:\/\/www-staging.telemedic.ca\/wp-content\/uploads\/2026\/02\/Bandeau-2016-SOFI-06-768x240.jpg 768w, https:\/\/www-staging.telemedic.ca\/wp-content\/uploads\/2026\/02\/Bandeau-2016-SOFI-06-1536x480.jpg 1536w, https:\/\/www-staging.telemedic.ca\/wp-content\/uploads\/2026\/02\/Bandeau-2016-SOFI-06.jpg 1920w\" sizes=\"(max-width: 800px) 100vw, 800px\" \/>\t\t\t\t\t\t\t\t\t\t\t\t\t\t\t<\/div>\n\t\t\t\t<\/div>\n\t\t<div class=\"elementor-element elementor-element-1edb2f95 e-con-full elementor-hidden-mobile e-flex e-con e-child\" data-id=\"1edb2f95\" data-element_type=\"container\" data-e-type=\"container\" data-settings=\"{&quot;background_background&quot;:&quot;classic&quot;}\">\n\t\t\t\t<\/div>\n\t\t\t\t<\/div>\n\t\t<div class=\"elementor-element elementor-element-049f043 e-flex e-con-boxed e-con e-parent\" data-id=\"049f043\" data-element_type=\"container\" data-e-type=\"container\">\n\t\t\t\t\t<div class=\"e-con-inner\">\n\t\t\t\t<div class=\"elementor-element elementor-element-d82292e elementor-widget-divider--view-line elementor-widget elementor-widget-divider\" data-id=\"d82292e\" data-element_type=\"widget\" data-e-type=\"widget\" data-widget_type=\"divider.default\">\n\t\t\t\t\t\t\t<div class=\"elementor-divider\">\n\t\t\t<span class=\"elementor-divider-separator\">\n\t\t\t\t\t\t<\/span>\n\t\t<\/div>\n\t\t\t\t\t\t<\/div>\n\t\t\t\t\t<\/div>\n\t\t\t\t<\/div>\n\t\t<div class=\"elementor-element elementor-element-8a2f534 e-flex e-con-boxed e-con e-parent\" data-id=\"8a2f534\" data-element_type=\"container\" data-e-type=\"container\" data-settings=\"{&quot;background_background&quot;:&quot;classic&quot;}\">\n\t\t\t\t\t<div class=\"e-con-inner\">\n\t\t<div class=\"elementor-element elementor-element-175698b3 e-con-full e-flex e-con e-child\" data-id=\"175698b3\" data-element_type=\"container\" data-e-type=\"container\">\n\t\t\t\t<div class=\"elementor-element elementor-element-44ebc13b elementor-widget elementor-widget-heading\" data-id=\"44ebc13b\" data-element_type=\"widget\" data-e-type=\"widget\" data-widget_type=\"heading.default\">\n\t\t\t\t\t<h2 class=\"elementor-heading-title elementor-size-default\">SOFI en bref<\/h2>\t\t\t\t<\/div>\n\t\t\t\t<div class=\"elementor-element elementor-element-6e6bf7ec elementor-widget elementor-widget-text-editor\" data-id=\"6e6bf7ec\" data-element_type=\"widget\" data-e-type=\"widget\" data-widget_type=\"text-editor.default\">\n\t\t\t\t\t\t\t\t\t<p class=\"p1\">Depuis 2002, SOFI accompagne les milieux de vie dans l\u2019optimisation de leurs op\u00e9rations et de la qualit\u00e9 des soins. La solution soutient aujourd\u2019hui des milliers d\u2019intervenants et de r\u00e9sidents gr\u00e2ce \u00e0 une plateforme \u00e9prouv\u00e9e, \u00e9volutive et adapt\u00e9e aux r\u00e9alit\u00e9s du terrain.<\/p>\t\t\t\t\t\t\t\t<\/div>\n\t\t\t\t<\/div>\n\t\t<div class=\"elementor-element elementor-element-22394510 e-con-full e-flex e-con e-child\" data-id=\"22394510\" data-element_type=\"container\" data-e-type=\"container\">\n\t\t\t\t<div class=\"elementor-element elementor-element-69a968ee elementor-invisible elementor-widget elementor-widget-image\" data-id=\"69a968ee\" data-element_type=\"widget\" data-e-type=\"widget\" data-settings=\"{&quot;_animation&quot;:&quot;fadeInRight&quot;}\" data-widget_type=\"image.default\">\n\t\t\t\t\t\t\t\t\t\t\t\t\t\t\t<img loading=\"lazy\" decoding=\"async\" width=\"1606\" height=\"1073\" src=\"https:\/\/www-staging.telemedic.ca\/wp-content\/uploads\/2026\/03\/Carte-SOFI-en-bref.jpg\" class=\"attachment-full size-full wp-image-1474\" alt=\"\" srcset=\"https:\/\/www-staging.telemedic.ca\/wp-content\/uploads\/2026\/03\/Carte-SOFI-en-bref.jpg 1606w, https:\/\/www-staging.telemedic.ca\/wp-content\/uploads\/2026\/03\/Carte-SOFI-en-bref-300x200.jpg 300w, https:\/\/www-staging.telemedic.ca\/wp-content\/uploads\/2026\/03\/Carte-SOFI-en-bref-1024x684.jpg 1024w, https:\/\/www-staging.telemedic.ca\/wp-content\/uploads\/2026\/03\/Carte-SOFI-en-bref-768x513.jpg 768w, https:\/\/www-staging.telemedic.ca\/wp-content\/uploads\/2026\/03\/Carte-SOFI-en-bref-1536x1026.jpg 1536w\" sizes=\"(max-width: 1606px) 100vw, 1606px\" \/>\t\t\t\t\t\t\t\t\t\t\t\t\t\t\t<\/div>\n\t\t\t\t<\/div>\n\t\t\t\t\t<\/div>\n\t\t\t\t<\/div>\n\t\t\t\t<\/div>\n\t\t","protected":false},"excerpt":{"rendered":"<p>\u00c0 propos \u00c0 propos de Telemedic et de SOFI Depuis plus de 20 ans, nous soutenons les \u00e9quipes des milieux de vie dans leur mission quotidienne aupr\u00e8s des r\u00e9sidents. Depuis 2002, SOFI accompagne les milieux de vie dans l\u2019optimisation de leurs op\u00e9rations et l\u2019am\u00e9lioration de la qualit\u00e9 des soins. D\u00e9velopp\u00e9e pour r\u00e9pondre aux r\u00e9alit\u00e9s des [&hellip;]<\/p>\n","protected":false},"author":1,"featured_media":20,"parent":0,"menu_order":0,"comment_status":"closed","ping_status":"closed","template":"elementor_header_footer","meta":{"_yoast_wpseo_title":"","_yoast_wpseo_metadesc":"","_ccai_fb_message":"","_ccai_fb_hashtags":"","_ccai_fb_image":20,"_ccai_fb_date":"","_ccai_fb_approved":false,"_ccai_li_message":"","_ccai_li_hashtags":"","_ccai_li_image":20,"_ccai_li_date":"","_ccai_li_approved":false,"_ccai_fb_status":"","_ccai_li_status":"","footnotes":""},"categories":[],"class_list":["post-410","page","type-page","status-publish","has-post-thumbnail","hentry"],"yoast_head":"<!-- This site is optimized with the Yoast SEO Premium plugin v26.9 (Yoast SEO v26.9) - https:\/\/yoast.com\/product\/yoast-seo-premium-wordpress\/ -->\n<title>\u00c0 propos - Telemedic<\/title>\n<meta name=\"robots\" content=\"noindex, follow, max-snippet:-1, max-image-preview:large, max-video-preview:-1\" \/>\n<meta property=\"og:locale\" content=\"fr_CA\" \/>\n<meta property=\"og:type\" content=\"article\" \/>\n<meta property=\"og:title\" content=\"\u00c0 propos\" \/>\n<meta property=\"og:description\" content=\"\u00c0 propos \u00c0 propos de Telemedic et de SOFI Depuis plus de 20 ans, nous soutenons les \u00e9quipes des milieux de vie dans leur mission quotidienne aupr\u00e8s des r\u00e9sidents. Depuis 2002, SOFI accompagne les milieux de vie dans l\u2019optimisation de leurs op\u00e9rations et l\u2019am\u00e9lioration de la qualit\u00e9 des soins. D\u00e9velopp\u00e9e pour r\u00e9pondre aux r\u00e9alit\u00e9s des [&hellip;]\" \/>\n<meta property=\"og:url\" content=\"https:\/\/www-staging.telemedic.ca\/a-propos\/\" \/>\n<meta property=\"og:site_name\" content=\"Telemedic\" \/>\n<meta property=\"article:publisher\" content=\"https:\/\/www.facebook.com\/TelemedicSOFI\" \/>\n<meta property=\"article:modified_time\" content=\"2026-03-05T16:38:53+00:00\" \/>\n<meta property=\"og:image\" content=\"https:\/\/www-staging.telemedic.ca\/wp-content\/uploads\/2025\/12\/infirmiere-et-patient-5.jpg\" \/>\n\t<meta property=\"og:image:width\" content=\"1700\" \/>\n\t<meta property=\"og:image:height\" content=\"1061\" \/>\n\t<meta property=\"og:image:type\" content=\"image\/jpeg\" \/>\n<meta name=\"twitter:card\" content=\"summary_large_image\" \/>\n<meta name=\"twitter:label1\" content=\"Estimation du temps de lecture\" \/>\n\t<meta name=\"twitter:data1\" content=\"2 minutes\" \/>\n<script type=\"application\/ld+json\" class=\"yoast-schema-graph\">{\"@context\":\"https:\/\/schema.org\",\"@graph\":[{\"@type\":\"WebPage\",\"@id\":\"https:\/\/www-staging.telemedic.ca\/a-propos\/\",\"url\":\"https:\/\/www-staging.telemedic.ca\/a-propos\/\",\"name\":\"\u00c0 propos - Telemedic\",\"isPartOf\":{\"@id\":\"https:\/\/www-staging.telemedic.ca\/#website\"},\"primaryImageOfPage\":{\"@id\":\"https:\/\/www-staging.telemedic.ca\/a-propos\/#primaryimage\"},\"image\":{\"@id\":\"https:\/\/www-staging.telemedic.ca\/a-propos\/#primaryimage\"},\"thumbnailUrl\":\"https:\/\/www-staging.telemedic.ca\/wp-content\/uploads\/2025\/12\/infirmiere-et-patient-5.jpg\",\"datePublished\":\"2026-02-17T21:13:41+00:00\",\"dateModified\":\"2026-03-05T16:38:53+00:00\",\"breadcrumb\":{\"@id\":\"https:\/\/www-staging.telemedic.ca\/a-propos\/#breadcrumb\"},\"inLanguage\":\"fr-CA\",\"potentialAction\":[{\"@type\":\"ReadAction\",\"target\":[\"https:\/\/www-staging.telemedic.ca\/a-propos\/\"]}]},{\"@type\":\"ImageObject\",\"inLanguage\":\"fr-CA\",\"@id\":\"https:\/\/www-staging.telemedic.ca\/a-propos\/#primaryimage\",\"url\":\"https:\/\/www-staging.telemedic.ca\/wp-content\/uploads\/2025\/12\/infirmiere-et-patient-5.jpg\",\"contentUrl\":\"https:\/\/www-staging.telemedic.ca\/wp-content\/uploads\/2025\/12\/infirmiere-et-patient-5.jpg\",\"width\":1700,\"height\":1061,\"caption\":\"infirmiere-et-patient\"},{\"@type\":\"BreadcrumbList\",\"@id\":\"https:\/\/www-staging.telemedic.ca\/a-propos\/#breadcrumb\",\"itemListElement\":[{\"@type\":\"ListItem\",\"position\":1,\"name\":\"Accueil\",\"item\":\"https:\/\/www-staging.telemedic.ca\/\"},{\"@type\":\"ListItem\",\"position\":2,\"name\":\"\u00c0 propos\"}]},{\"@type\":\"WebSite\",\"@id\":\"https:\/\/www-staging.telemedic.ca\/#website\",\"url\":\"https:\/\/www-staging.telemedic.ca\/\",\"name\":\"Telemedic\",\"description\":\"Logicile de gestion en milieu de vie\",\"publisher\":{\"@id\":\"https:\/\/www-staging.telemedic.ca\/#organization\"},\"potentialAction\":[{\"@type\":\"SearchAction\",\"target\":{\"@type\":\"EntryPoint\",\"urlTemplate\":\"https:\/\/www-staging.telemedic.ca\/?s={search_term_string}\"},\"query-input\":{\"@type\":\"PropertyValueSpecification\",\"valueRequired\":true,\"valueName\":\"search_term_string\"}}],\"inLanguage\":\"fr-CA\"},{\"@type\":\"Organization\",\"@id\":\"https:\/\/www-staging.telemedic.ca\/#organization\",\"name\":\"Telemedic\",\"url\":\"https:\/\/www-staging.telemedic.ca\/\",\"logo\":{\"@type\":\"ImageObject\",\"inLanguage\":\"fr-CA\",\"@id\":\"https:\/\/www-staging.telemedic.ca\/#\/schema\/logo\/image\/\",\"url\":\"https:\/\/www-staging.telemedic.ca\/wp-content\/uploads\/2025\/12\/cropped-Logo_Sofi_Noir-1-1.webp\",\"contentUrl\":\"https:\/\/www-staging.telemedic.ca\/wp-content\/uploads\/2025\/12\/cropped-Logo_Sofi_Noir-1-1.webp\",\"width\":1612,\"height\":598,\"caption\":\"Telemedic\"},\"image\":{\"@id\":\"https:\/\/www-staging.telemedic.ca\/#\/schema\/logo\/image\/\"},\"sameAs\":[\"https:\/\/www.facebook.com\/TelemedicSOFI\",\"https:\/\/www.linkedin.com\/company\/t-l-m-dic-inc\/\"]}]}<\/script>\n<!-- \/ Yoast SEO Premium plugin. -->","yoast_head_json":{"title":"\u00c0 propos - Telemedic","robots":{"index":"noindex","follow":"follow","max-snippet":"max-snippet:-1","max-image-preview":"max-image-preview:large","max-video-preview":"max-video-preview:-1"},"og_locale":"fr_CA","og_type":"article","og_title":"\u00c0 propos","og_description":"\u00c0 propos \u00c0 propos de Telemedic et de SOFI Depuis plus de 20 ans, nous soutenons les \u00e9quipes des milieux de vie dans leur mission quotidienne aupr\u00e8s des r\u00e9sidents. Depuis 2002, SOFI accompagne les milieux de vie dans l\u2019optimisation de leurs op\u00e9rations et l\u2019am\u00e9lioration de la qualit\u00e9 des soins. D\u00e9velopp\u00e9e pour r\u00e9pondre aux r\u00e9alit\u00e9s des [&hellip;]","og_url":"https:\/\/www-staging.telemedic.ca\/a-propos\/","og_site_name":"Telemedic","article_publisher":"https:\/\/www.facebook.com\/TelemedicSOFI","article_modified_time":"2026-03-05T16:38:53+00:00","og_image":[{"width":1700,"height":1061,"url":"https:\/\/www-staging.telemedic.ca\/wp-content\/uploads\/2025\/12\/infirmiere-et-patient-5.jpg","type":"image\/jpeg"}],"twitter_card":"summary_large_image","twitter_misc":{"Estimation du temps de lecture":"2 minutes"},"schema":{"@context":"https:\/\/schema.org","@graph":[{"@type":"WebPage","@id":"https:\/\/www-staging.telemedic.ca\/a-propos\/","url":"https:\/\/www-staging.telemedic.ca\/a-propos\/","name":"\u00c0 propos - Telemedic","isPartOf":{"@id":"https:\/\/www-staging.telemedic.ca\/#website"},"primaryImageOfPage":{"@id":"https:\/\/www-staging.telemedic.ca\/a-propos\/#primaryimage"},"image":{"@id":"https:\/\/www-staging.telemedic.ca\/a-propos\/#primaryimage"},"thumbnailUrl":"https:\/\/www-staging.telemedic.ca\/wp-content\/uploads\/2025\/12\/infirmiere-et-patient-5.jpg","datePublished":"2026-02-17T21:13:41+00:00","dateModified":"2026-03-05T16:38:53+00:00","breadcrumb":{"@id":"https:\/\/www-staging.telemedic.ca\/a-propos\/#breadcrumb"},"inLanguage":"fr-CA","potentialAction":[{"@type":"ReadAction","target":["https:\/\/www-staging.telemedic.ca\/a-propos\/"]}]},{"@type":"ImageObject","inLanguage":"fr-CA","@id":"https:\/\/www-staging.telemedic.ca\/a-propos\/#primaryimage","url":"https:\/\/www-staging.telemedic.ca\/wp-content\/uploads\/2025\/12\/infirmiere-et-patient-5.jpg","contentUrl":"https:\/\/www-staging.telemedic.ca\/wp-content\/uploads\/2025\/12\/infirmiere-et-patient-5.jpg","width":1700,"height":1061,"caption":"infirmiere-et-patient"},{"@type":"BreadcrumbList","@id":"https:\/\/www-staging.telemedic.ca\/a-propos\/#breadcrumb","itemListElement":[{"@type":"ListItem","position":1,"name":"Accueil","item":"https:\/\/www-staging.telemedic.ca\/"},{"@type":"ListItem","position":2,"name":"\u00c0 propos"}]},{"@type":"WebSite","@id":"https:\/\/www-staging.telemedic.ca\/#website","url":"https:\/\/www-staging.telemedic.ca\/","name":"Telemedic","description":"Logicile de gestion en milieu de vie","publisher":{"@id":"https:\/\/www-staging.telemedic.ca\/#organization"},"potentialAction":[{"@type":"SearchAction","target":{"@type":"EntryPoint","urlTemplate":"https:\/\/www-staging.telemedic.ca\/?s={search_term_string}"},"query-input":{"@type":"PropertyValueSpecification","valueRequired":true,"valueName":"search_term_string"}}],"inLanguage":"fr-CA"},{"@type":"Organization","@id":"https:\/\/www-staging.telemedic.ca\/#organization","name":"Telemedic","url":"https:\/\/www-staging.telemedic.ca\/","logo":{"@type":"ImageObject","inLanguage":"fr-CA","@id":"https:\/\/www-staging.telemedic.ca\/#\/schema\/logo\/image\/","url":"https:\/\/www-staging.telemedic.ca\/wp-content\/uploads\/2025\/12\/cropped-Logo_Sofi_Noir-1-1.webp","contentUrl":"https:\/\/www-staging.telemedic.ca\/wp-content\/uploads\/2025\/12\/cropped-Logo_Sofi_Noir-1-1.webp","width":1612,"height":598,"caption":"Telemedic"},"image":{"@id":"https:\/\/www-staging.telemedic.ca\/#\/schema\/logo\/image\/"},"sameAs":["https:\/\/www.facebook.com\/TelemedicSOFI","https:\/\/www.linkedin.com\/company\/t-l-m-dic-inc\/"]}]}},"_links":{"self":[{"href":"https:\/\/www-staging.telemedic.ca\/fr\/wp-json\/wp\/v2\/pages\/410","targetHints":{"allow":["GET"]}}],"collection":[{"href":"https:\/\/www-staging.telemedic.ca\/fr\/wp-json\/wp\/v2\/pages"}],"about":[{"href":"https:\/\/www-staging.telemedic.ca\/fr\/wp-json\/wp\/v2\/types\/page"}],"author":[{"embeddable":true,"href":"https:\/\/www-staging.telemedic.ca\/fr\/wp-json\/wp\/v2\/users\/1"}],"replies":[{"embeddable":true,"href":"https:\/\/www-staging.telemedic.ca\/fr\/wp-json\/wp\/v2\/comments?post=410"}],"version-history":[{"count":100,"href":"https:\/\/www-staging.telemedic.ca\/fr\/wp-json\/wp\/v2\/pages\/410\/revisions"}],"predecessor-version":[{"id":1477,"href":"https:\/\/www-staging.telemedic.ca\/fr\/wp-json\/wp\/v2\/pages\/410\/revisions\/1477"}],"wp:featuredmedia":[{"embeddable":true,"href":"https:\/\/www-staging.telemedic.ca\/fr\/wp-json\/wp\/v2\/media\/20"}],"wp:attachment":[{"href":"https:\/\/www-staging.telemedic.ca\/fr\/wp-json\/wp\/v2\/media?parent=410"}],"wp:term":[{"taxonomy":"category","embeddable":true,"href":"https:\/\/www-staging.telemedic.ca\/fr\/wp-json\/wp\/v2\/categories?post=410"}],"curies":[{"name":"wp","href":"https:\/\/api.w.org\/{rel}","templated":true}]}}